{"id":21,"date":"2020-03-09T14:30:45","date_gmt":"2020-03-09T14:30:45","guid":{"rendered":"http:\/\/www.aysanelektrik.com.tr\/?page_id=21"},"modified":"2025-11-07T17:19:31","modified_gmt":"2025-11-07T14:19:31","slug":"urunler","status":"publish","type":"page","link":"https:\/\/www.aysanelektrik.com.tr\/en\/urunler\/","title":{"rendered":"Products"},"content":{"rendered":"<div data-elementor-type=\"wp-page\" data-elementor-id=\"21\" class=\"elementor elementor-21\" data-elementor-post-type=\"page\">\n\t\t\t\t\t\t<section class=\"elementor-section elementor-top-section elementor-element elementor-element-ffad07e elementor-section-boxed elementor-section-height-default elementor-section-height-default\" data-id=\"ffad07e\" data-element_type=\"section\" data-e-type=\"section\" data-settings=\"{&quot;jet_parallax_layout_list&quot;:[{&quot;jet_parallax_layout_image&quot;:{&quot;url&quot;:&quot;&quot;,&quot;id&quot;:&quot;&quot;,&quot;size&quot;:&quot;&quot;},&quot;_id&quot;:&quot;9ada768&quot;,&quot;jet_parallax_layout_image_tablet&quot;:{&quot;url&quot;:&quot;&quot;,&quot;id&quot;:&quot;&quot;,&quot;size&quot;:&quot;&quot;},&quot;jet_parallax_layout_image_mobile&quot;:{&quot;url&quot;:&quot;&quot;,&quot;id&quot;:&quot;&quot;,&quot;size&quot;:&quot;&quot;},&quot;jet_parallax_layout_speed&quot;:{&quot;unit&quot;:&quot;%&quot;,&quot;size&quot;:50,&quot;sizes&quot;:[]},&quot;jet_parallax_layout_type&quot;:&quot;scroll&quot;,&quot;jet_parallax_layout_direction&quot;:null,&quot;jet_parallax_layout_fx_direction&quot;:null,&quot;jet_parallax_layout_z_index&quot;:&quot;&quot;,&quot;jet_parallax_layout_bg_x&quot;:50,&quot;jet_parallax_layout_bg_x_tablet&quot;:&quot;&quot;,&quot;jet_parallax_layout_bg_x_mobile&quot;:&quot;&quot;,&quot;jet_parallax_layout_bg_y&quot;:50,&quot;jet_parallax_layout_bg_y_tablet&quot;:&quot;&quot;,&quot;jet_parallax_layout_bg_y_mobile&quot;:&quot;&quot;,&quot;jet_parallax_layout_bg_size&quot;:&quot;auto&quot;,&quot;jet_parallax_layout_bg_size_tablet&quot;:&quot;&quot;,&quot;jet_parallax_layout_bg_size_mobile&quot;:&quot;&quot;,&quot;jet_parallax_layout_animation_prop&quot;:&quot;transform&quot;,&quot;jet_parallax_layout_on&quot;:[&quot;desktop&quot;,&quot;tablet&quot;]}]}\">\n\t\t\t\t\t\t<div class=\"elementor-container elementor-column-gap-default\">\n\t\t\t\t\t<div class=\"elementor-column elementor-col-50 elementor-top-column elementor-element elementor-element-50c9f46\" data-id=\"50c9f46\" data-element_type=\"column\" data-e-type=\"column\">\n\t\t\t<div class=\"elementor-widget-wrap elementor-element-populated\">\n\t\t\t\t\t\t<div class=\"elementor-element elementor-element-b62c0b8 elementor-widget elementor-widget-image\" data-id=\"b62c0b8\" data-element_type=\"widget\" data-e-type=\"widget\" data-widget_type=\"image.default\">\n\t\t\t\t<div class=\"elementor-widget-container\">\n\t\t\t\t\t\t\t\t\t\t\t\t\t\t\t\t<a href=\"https:\/\/www.aysanelektrik.com.tr\/en\/category\/urunler\/kompakt-ti%cc%87p-trafo-merkezleri%cc%87\/\">\n\t\t\t\t\t\t\t<img fetchpriority=\"high\" decoding=\"async\" width=\"650\" height=\"437\" src=\"https:\/\/www.aysanelektrik.com.tr\/wp-content\/uploads\/2020\/06\/mblok-beton-kosk.png\" class=\"elementor-animation-grow attachment-full size-full wp-image-964\" alt=\"\" srcset=\"https:\/\/www.aysanelektrik.com.tr\/wp-content\/uploads\/2020\/06\/mblok-beton-kosk.png 650w, https:\/\/www.aysanelektrik.com.tr\/wp-content\/uploads\/2020\/06\/mblok-beton-kosk-300x202.png 300w\" sizes=\"(max-width: 650px) 100vw, 650px\" \/>\t\t\t\t\t\t\t\t<\/a>\n\t\t\t\t\t\t\t\t\t\t\t\t\t\t\t<\/div>\n\t\t\t\t<\/div>\n\t\t\t\t<div class=\"elementor-element elementor-element-dc57201 elementor-widget elementor-widget-heading\" data-id=\"dc57201\" data-element_type=\"widget\" data-e-type=\"widget\" data-widget_type=\"heading.default\">\n\t\t\t\t<div class=\"elementor-widget-container\">\n\t\t\t\t\t<h2 class=\"elementor-heading-title elementor-size-default\"><a href=\"https:\/\/www.aysanelektrik.com.tr\/en\/category\/urunler\/kompakt-ti%cc%87p-trafo-merkezleri%cc%87\/\">COMPACT TYPE SUBSTATIONS<\/a><\/h2>\t\t\t\t<\/div>\n\t\t\t\t<\/div>\n\t\t\t\t<div class=\"elementor-element elementor-element-4c7337d elementor-widget elementor-widget-text-editor\" data-id=\"4c7337d\" data-element_type=\"widget\" data-e-type=\"widget\" data-widget_type=\"text-editor.default\">\n\t\t\t\t<div class=\"elementor-widget-container\">\n\t\t\t\t\t\t\t\t\t<p>You can reach our compact type substations here. Sheet Metal Kiosk, Mobile Kiosk, M-Block Concrete Kiosk and Inverter Kiosk<\/p>\t\t\t\t\t\t\t\t<\/div>\n\t\t\t\t<\/div>\n\t\t\t\t\t<\/div>\n\t\t<\/div>\n\t\t\t\t<div class=\"elementor-column elementor-col-50 elementor-top-column elementor-element elementor-element-7815b7c\" data-id=\"7815b7c\" data-element_type=\"column\" data-e-type=\"column\">\n\t\t\t<div class=\"elementor-widget-wrap elementor-element-populated\">\n\t\t\t\t\t\t<div class=\"elementor-element elementor-element-f2c8f46 elementor-widget elementor-widget-image\" data-id=\"f2c8f46\" data-element_type=\"widget\" data-e-type=\"widget\" data-widget_type=\"image.default\">\n\t\t\t\t<div class=\"elementor-widget-container\">\n\t\t\t\t\t\t\t\t\t\t\t\t\t\t\t\t<a href=\"https:\/\/www.aysanelektrik.com.tr\/en\/hucreler\/\">\n\t\t\t\t\t\t\t<img decoding=\"async\" width=\"612\" height=\"845\" src=\"https:\/\/www.aysanelektrik.com.tr\/wp-content\/uploads\/2020\/06\/metal-mahfazali-moduler-hucreler.png\" class=\"elementor-animation-grow attachment-full size-full wp-image-942\" alt=\"metal-mahfazali-moduler-hucreler\" srcset=\"https:\/\/www.aysanelektrik.com.tr\/wp-content\/uploads\/2020\/06\/metal-mahfazali-moduler-hucreler.png 612w, https:\/\/www.aysanelektrik.com.tr\/wp-content\/uploads\/2020\/06\/metal-mahfazali-moduler-hucreler-217x300.png 217w\" sizes=\"(max-width: 612px) 100vw, 612px\" \/>\t\t\t\t\t\t\t\t<\/a>\n\t\t\t\t\t\t\t\t\t\t\t\t\t\t\t<\/div>\n\t\t\t\t<\/div>\n\t\t\t\t<div class=\"elementor-element elementor-element-14dceb3 elementor-widget elementor-widget-heading\" data-id=\"14dceb3\" data-element_type=\"widget\" data-e-type=\"widget\" data-widget_type=\"heading.default\">\n\t\t\t\t<div class=\"elementor-widget-container\">\n\t\t\t\t\t<h2 class=\"elementor-heading-title elementor-size-default\"><a href=\"https:\/\/www.aysanelektrik.com.tr\/en\/metal-mahfazali-modu%cc%88ler-hu%cc%88creler\/\">METAL ENCLOSED MODULAR CELLS<\/a><\/h2>\t\t\t\t<\/div>\n\t\t\t\t<\/div>\n\t\t\t\t<div class=\"elementor-element elementor-element-ebc6c41 elementor-widget elementor-widget-text-editor\" data-id=\"ebc6c41\" data-element_type=\"widget\" data-e-type=\"widget\" data-widget_type=\"text-editor.default\">\n\t\t\t\t<div class=\"elementor-widget-container\">\n\t\t\t\t\t\t\t\t\t<p><strong>12-24-36 kV \/ 630 \u2013 1250 A \/ 16-20-25 kA <\/strong>Modex-R series MEM Cubicles are manufactured in drawer type for use in the buildings (internal type, IP.3X).<\/p>\t\t\t\t\t\t\t\t<\/div>\n\t\t\t\t<\/div>\n\t\t\t\t\t<\/div>\n\t\t<\/div>\n\t\t\t\t\t<\/div>\n\t\t<\/section>\n\t\t\t\t<\/div>","protected":false},"excerpt":{"rendered":"<p>KOMPAKT TI\u0307P TRAFO MERKEZLERI\u0307 Kompakt tip trafo merkezlerimize buradan ula\u015fabilirsiniz. Sac K\u00f6\u015fk, Mobil K\u00f6\u015fk, M-Blok Beton K\u00f6\u015fk ve \u0130nvert\u00f6r K\u00f6\u015fk METAL MAHFAZALI MODU\u0308LER HU\u0308CRELER 12-24-36 kV \/ 630 \u2013 1250 A \/ 16-20-25 kA MODEX-R Serisi MMM H\u00fccreler Dolap Tipi, bina i\u00e7inde kullan\u0131ma uygun (dahili tip,IP.3X) olarak \u00fcretilmektedir.<\/p>","protected":false},"author":1,"featured_media":80,"parent":0,"menu_order":0,"comment_status":"closed","ping_status":"closed","template":"","meta":{"footnotes":""},"class_list":["post-21","page","type-page","status-publish","has-post-thumbnail","hentry"],"yoast_head":"<!-- This site is optimized with the Yoast SEO plugin v27.4 - https:\/\/yoast.com\/product\/yoast-seo-wordpress\/ -->\n<title>\u00dcr\u00fcnler - Aysan Elektrik<\/title>\n<meta name=\"robots\" content=\"index, follow, max-snippet:-1, max-image-preview:large, max-video-preview:-1\" \/>\n<link rel=\"canonical\" href=\"https:\/\/www.aysanelektrik.com.tr\/en\/urunler\/\" \/>\n<meta property=\"og:locale\" content=\"en_US\" \/>\n<meta property=\"og:type\" content=\"article\" \/>\n<meta property=\"og:title\" content=\"\u00dcr\u00fcnler - Aysan Elektrik\" \/>\n<meta property=\"og:description\" content=\"KOMPAKT TI\u0307P TRAFO MERKEZLERI\u0307 Kompakt tip trafo merkezlerimize buradan ula\u015fabilirsiniz. Sac K\u00f6\u015fk, Mobil K\u00f6\u015fk, M-Blok Beton K\u00f6\u015fk ve \u0130nvert\u00f6r K\u00f6\u015fk METAL MAHFAZALI MODU\u0308LER HU\u0308CRELER 12-24-36 kV \/ 630 \u2013 1250 A \/ 16-20-25 kA MODEX-R Serisi MMM H\u00fccreler Dolap Tipi, bina i\u00e7inde kullan\u0131ma uygun (dahili tip,IP.3X) olarak \u00fcretilmektedir.\" \/>\n<meta property=\"og:url\" content=\"https:\/\/www.aysanelektrik.com.tr\/en\/urunler\/\" \/>\n<meta property=\"og:site_name\" content=\"Aysan Elektrik\" \/>\n<meta property=\"article:modified_time\" content=\"2025-11-07T14:19:31+00:00\" \/>\n<meta property=\"og:image\" content=\"https:\/\/www.aysanelektrik.com.tr\/wp-content\/uploads\/2020\/03\/aysan-3.jpg\" \/>\n\t<meta property=\"og:image:width\" content=\"2135\" \/>\n\t<meta property=\"og:image:height\" content=\"1320\" \/>\n\t<meta property=\"og:image:type\" content=\"image\/jpeg\" \/>\n<meta name=\"twitter:card\" content=\"summary_large_image\" \/>\n<meta name=\"twitter:label1\" content=\"Est. reading time\" \/>\n\t<meta name=\"twitter:data1\" content=\"1 minute\" \/>\n<script type=\"application\/ld+json\" class=\"yoast-schema-graph\">{\"@context\":\"https:\\\/\\\/schema.org\",\"@graph\":[{\"@type\":\"WebPage\",\"@id\":\"https:\\\/\\\/www.aysanelektrik.com.tr\\\/urunler\\\/\",\"url\":\"https:\\\/\\\/www.aysanelektrik.com.tr\\\/urunler\\\/\",\"name\":\"\u00dcr\u00fcnler - Aysan Elektrik\",\"isPartOf\":{\"@id\":\"https:\\\/\\\/www.aysanelektrik.com.tr\\\/#website\"},\"primaryImageOfPage\":{\"@id\":\"https:\\\/\\\/www.aysanelektrik.com.tr\\\/urunler\\\/#primaryimage\"},\"image\":{\"@id\":\"https:\\\/\\\/www.aysanelektrik.com.tr\\\/urunler\\\/#primaryimage\"},\"thumbnailUrl\":\"https:\\\/\\\/www.aysanelektrik.com.tr\\\/wp-content\\\/uploads\\\/2020\\\/03\\\/aysan-3.jpg\",\"datePublished\":\"2020-03-09T14:30:45+00:00\",\"dateModified\":\"2025-11-07T14:19:31+00:00\",\"breadcrumb\":{\"@id\":\"https:\\\/\\\/www.aysanelektrik.com.tr\\\/urunler\\\/#breadcrumb\"},\"inLanguage\":\"en-US\",\"potentialAction\":[{\"@type\":\"ReadAction\",\"target\":[\"https:\\\/\\\/www.aysanelektrik.com.tr\\\/urunler\\\/\"]}]},{\"@type\":\"ImageObject\",\"inLanguage\":\"en-US\",\"@id\":\"https:\\\/\\\/www.aysanelektrik.com.tr\\\/urunler\\\/#primaryimage\",\"url\":\"https:\\\/\\\/www.aysanelektrik.com.tr\\\/wp-content\\\/uploads\\\/2020\\\/03\\\/aysan-3.jpg\",\"contentUrl\":\"https:\\\/\\\/www.aysanelektrik.com.tr\\\/wp-content\\\/uploads\\\/2020\\\/03\\\/aysan-3.jpg\",\"width\":2135,\"height\":1320},{\"@type\":\"BreadcrumbList\",\"@id\":\"https:\\\/\\\/www.aysanelektrik.com.tr\\\/urunler\\\/#breadcrumb\",\"itemListElement\":[{\"@type\":\"ListItem\",\"position\":1,\"name\":\"Ana sayfa\",\"item\":\"https:\\\/\\\/www.aysanelektrik.com.tr\\\/en\\\/\"},{\"@type\":\"ListItem\",\"position\":2,\"name\":\"\u00dcr\u00fcnler\"}]},{\"@type\":\"WebSite\",\"@id\":\"https:\\\/\\\/www.aysanelektrik.com.tr\\\/#website\",\"url\":\"https:\\\/\\\/www.aysanelektrik.com.tr\\\/\",\"name\":\"Aysan Elektrik\",\"description\":\"Beton K\u00f6\u015fk, Orta Gerilim\",\"publisher\":{\"@id\":\"https:\\\/\\\/www.aysanelektrik.com.tr\\\/#organization\"},\"potentialAction\":[{\"@type\":\"SearchAction\",\"target\":{\"@type\":\"EntryPoint\",\"urlTemplate\":\"https:\\\/\\\/www.aysanelektrik.com.tr\\\/?s={search_term_string}\"},\"query-input\":{\"@type\":\"PropertyValueSpecification\",\"valueRequired\":true,\"valueName\":\"search_term_string\"}}],\"inLanguage\":\"en-US\"},{\"@type\":\"Organization\",\"@id\":\"https:\\\/\\\/www.aysanelektrik.com.tr\\\/#organization\",\"name\":\"Aysan Elektrik\",\"url\":\"https:\\\/\\\/www.aysanelektrik.com.tr\\\/\",\"logo\":{\"@type\":\"ImageObject\",\"inLanguage\":\"en-US\",\"@id\":\"https:\\\/\\\/www.aysanelektrik.com.tr\\\/#\\\/schema\\\/logo\\\/image\\\/\",\"url\":\"https:\\\/\\\/www.aysanelektrik.com.tr\\\/wp-content\\\/uploads\\\/2020\\\/03\\\/logo-aysan.png\",\"contentUrl\":\"https:\\\/\\\/www.aysanelektrik.com.tr\\\/wp-content\\\/uploads\\\/2020\\\/03\\\/logo-aysan.png\",\"width\":500,\"height\":169,\"caption\":\"Aysan Elektrik\"},\"image\":{\"@id\":\"https:\\\/\\\/www.aysanelektrik.com.tr\\\/#\\\/schema\\\/logo\\\/image\\\/\"}}]}<\/script>\n<!-- \/ Yoast SEO plugin. -->","yoast_head_json":{"title":"\u00dcr\u00fcnler - Aysan Elektrik","robots":{"index":"index","follow":"follow","max-snippet":"max-snippet:-1","max-image-preview":"max-image-preview:large","max-video-preview":"max-video-preview:-1"},"canonical":"https:\/\/www.aysanelektrik.com.tr\/en\/urunler\/","og_locale":"en_US","og_type":"article","og_title":"\u00dcr\u00fcnler - Aysan Elektrik","og_description":"KOMPAKT TI\u0307P TRAFO MERKEZLERI\u0307 Kompakt tip trafo merkezlerimize buradan ula\u015fabilirsiniz. Sac K\u00f6\u015fk, Mobil K\u00f6\u015fk, M-Blok Beton K\u00f6\u015fk ve \u0130nvert\u00f6r K\u00f6\u015fk METAL MAHFAZALI MODU\u0308LER HU\u0308CRELER 12-24-36 kV \/ 630 \u2013 1250 A \/ 16-20-25 kA MODEX-R Serisi MMM H\u00fccreler Dolap Tipi, bina i\u00e7inde kullan\u0131ma uygun (dahili tip,IP.3X) olarak \u00fcretilmektedir.","og_url":"https:\/\/www.aysanelektrik.com.tr\/en\/urunler\/","og_site_name":"Aysan Elektrik","article_modified_time":"2025-11-07T14:19:31+00:00","og_image":[{"width":2135,"height":1320,"url":"https:\/\/www.aysanelektrik.com.tr\/wp-content\/uploads\/2020\/03\/aysan-3.jpg","type":"image\/jpeg"}],"twitter_card":"summary_large_image","twitter_misc":{"Est. reading time":"1 minute"},"schema":{"@context":"https:\/\/schema.org","@graph":[{"@type":"WebPage","@id":"https:\/\/www.aysanelektrik.com.tr\/urunler\/","url":"https:\/\/www.aysanelektrik.com.tr\/urunler\/","name":"\u00dcr\u00fcnler - Aysan Elektrik","isPartOf":{"@id":"https:\/\/www.aysanelektrik.com.tr\/#website"},"primaryImageOfPage":{"@id":"https:\/\/www.aysanelektrik.com.tr\/urunler\/#primaryimage"},"image":{"@id":"https:\/\/www.aysanelektrik.com.tr\/urunler\/#primaryimage"},"thumbnailUrl":"https:\/\/www.aysanelektrik.com.tr\/wp-content\/uploads\/2020\/03\/aysan-3.jpg","datePublished":"2020-03-09T14:30:45+00:00","dateModified":"2025-11-07T14:19:31+00:00","breadcrumb":{"@id":"https:\/\/www.aysanelektrik.com.tr\/urunler\/#breadcrumb"},"inLanguage":"en-US","potentialAction":[{"@type":"ReadAction","target":["https:\/\/www.aysanelektrik.com.tr\/urunler\/"]}]},{"@type":"ImageObject","inLanguage":"en-US","@id":"https:\/\/www.aysanelektrik.com.tr\/urunler\/#primaryimage","url":"https:\/\/www.aysanelektrik.com.tr\/wp-content\/uploads\/2020\/03\/aysan-3.jpg","contentUrl":"https:\/\/www.aysanelektrik.com.tr\/wp-content\/uploads\/2020\/03\/aysan-3.jpg","width":2135,"height":1320},{"@type":"BreadcrumbList","@id":"https:\/\/www.aysanelektrik.com.tr\/urunler\/#breadcrumb","itemListElement":[{"@type":"ListItem","position":1,"name":"Ana sayfa","item":"https:\/\/www.aysanelektrik.com.tr\/en\/"},{"@type":"ListItem","position":2,"name":"\u00dcr\u00fcnler"}]},{"@type":"WebSite","@id":"https:\/\/www.aysanelektrik.com.tr\/#website","url":"https:\/\/www.aysanelektrik.com.tr\/","name":"Aysan Elektrik","description":"Beton K\u00f6\u015fk, Orta Gerilim","publisher":{"@id":"https:\/\/www.aysanelektrik.com.tr\/#organization"},"potentialAction":[{"@type":"SearchAction","target":{"@type":"EntryPoint","urlTemplate":"https:\/\/www.aysanelektrik.com.tr\/?s={search_term_string}"},"query-input":{"@type":"PropertyValueSpecification","valueRequired":true,"valueName":"search_term_string"}}],"inLanguage":"en-US"},{"@type":"Organization","@id":"https:\/\/www.aysanelektrik.com.tr\/#organization","name":"Aysan Elektrik","url":"https:\/\/www.aysanelektrik.com.tr\/","logo":{"@type":"ImageObject","inLanguage":"en-US","@id":"https:\/\/www.aysanelektrik.com.tr\/#\/schema\/logo\/image\/","url":"https:\/\/www.aysanelektrik.com.tr\/wp-content\/uploads\/2020\/03\/logo-aysan.png","contentUrl":"https:\/\/www.aysanelektrik.com.tr\/wp-content\/uploads\/2020\/03\/logo-aysan.png","width":500,"height":169,"caption":"Aysan Elektrik"},"image":{"@id":"https:\/\/www.aysanelektrik.com.tr\/#\/schema\/logo\/image\/"}}]}},"_links":{"self":[{"href":"https:\/\/www.aysanelektrik.com.tr\/en\/wp-json\/wp\/v2\/pages\/21","targetHints":{"allow":["GET"]}}],"collection":[{"href":"https:\/\/www.aysanelektrik.com.tr\/en\/wp-json\/wp\/v2\/pages"}],"about":[{"href":"https:\/\/www.aysanelektrik.com.tr\/en\/wp-json\/wp\/v2\/types\/page"}],"author":[{"embeddable":true,"href":"https:\/\/www.aysanelektrik.com.tr\/en\/wp-json\/wp\/v2\/users\/1"}],"replies":[{"embeddable":true,"href":"https:\/\/www.aysanelektrik.com.tr\/en\/wp-json\/wp\/v2\/comments?post=21"}],"version-history":[{"count":20,"href":"https:\/\/www.aysanelektrik.com.tr\/en\/wp-json\/wp\/v2\/pages\/21\/revisions"}],"predecessor-version":[{"id":1304,"href":"https:\/\/www.aysanelektrik.com.tr\/en\/wp-json\/wp\/v2\/pages\/21\/revisions\/1304"}],"wp:featuredmedia":[{"embeddable":true,"href":"https:\/\/www.aysanelektrik.com.tr\/en\/wp-json\/wp\/v2\/media\/80"}],"wp:attachment":[{"href":"https:\/\/www.aysanelektrik.com.tr\/en\/wp-json\/wp\/v2\/media?parent=21"}],"curies":[{"name":"wp","href":"https:\/\/api.w.org\/{rel}","templated":true}]}}