{"id":27,"date":"2020-03-09T14:32:12","date_gmt":"2020-03-09T14:32:12","guid":{"rendered":"http:\/\/www.aysanelektrik.com.tr\/?page_id=27"},"modified":"2020-04-08T15:07:21","modified_gmt":"2020-04-08T15:07:21","slug":"insan-kaynaklari","status":"publish","type":"page","link":"https:\/\/www.aysanelektrik.com.tr\/en\/insan-kaynaklari\/","title":{"rendered":"Human Resources"},"content":{"rendered":"<div data-elementor-type=\"wp-page\" data-elementor-id=\"27\" class=\"elementor elementor-27\" data-elementor-post-type=\"page\">\n\t\t\t\t\t\t<section class=\"elementor-section elementor-top-section elementor-element elementor-element-16cd7c0 elementor-section-boxed elementor-section-height-default elementor-section-height-default\" data-id=\"16cd7c0\" data-element_type=\"section\" data-e-type=\"section\" data-settings=\"{&quot;jet_parallax_layout_list&quot;:[{&quot;jet_parallax_layout_image&quot;:{&quot;url&quot;:&quot;&quot;,&quot;id&quot;:&quot;&quot;,&quot;size&quot;:&quot;&quot;},&quot;_id&quot;:&quot;befbded&quot;,&quot;jet_parallax_layout_image_tablet&quot;:{&quot;url&quot;:&quot;&quot;,&quot;id&quot;:&quot;&quot;,&quot;size&quot;:&quot;&quot;},&quot;jet_parallax_layout_image_mobile&quot;:{&quot;url&quot;:&quot;&quot;,&quot;id&quot;:&quot;&quot;,&quot;size&quot;:&quot;&quot;},&quot;jet_parallax_layout_speed&quot;:{&quot;unit&quot;:&quot;%&quot;,&quot;size&quot;:50,&quot;sizes&quot;:[]},&quot;jet_parallax_layout_type&quot;:&quot;scroll&quot;,&quot;jet_parallax_layout_direction&quot;:null,&quot;jet_parallax_layout_fx_direction&quot;:null,&quot;jet_parallax_layout_z_index&quot;:&quot;&quot;,&quot;jet_parallax_layout_bg_x&quot;:50,&quot;jet_parallax_layout_bg_y&quot;:50,&quot;jet_parallax_layout_bg_size&quot;:&quot;auto&quot;,&quot;jet_parallax_layout_animation_prop&quot;:&quot;transform&quot;,&quot;jet_parallax_layout_on&quot;:[&quot;desktop&quot;,&quot;tablet&quot;],&quot;jet_parallax_layout_bg_x_tablet&quot;:&quot;&quot;,&quot;jet_parallax_layout_bg_x_mobile&quot;:&quot;&quot;,&quot;jet_parallax_layout_bg_y_tablet&quot;:&quot;&quot;,&quot;jet_parallax_layout_bg_y_mobile&quot;:&quot;&quot;,&quot;jet_parallax_layout_bg_size_tablet&quot;:&quot;&quot;,&quot;jet_parallax_layout_bg_size_mobile&quot;:&quot;&quot;}]}\">\n\t\t\t\t\t\t<div class=\"elementor-container elementor-column-gap-default\">\n\t\t\t\t\t<div class=\"elementor-column elementor-col-100 elementor-top-column elementor-element elementor-element-847b605\" data-id=\"847b605\" data-element_type=\"column\" data-e-type=\"column\">\n\t\t\t<div class=\"elementor-widget-wrap elementor-element-populated\">\n\t\t\t\t\t\t<div class=\"elementor-element elementor-element-9b00479 elementor-widget elementor-widget-heading\" data-id=\"9b00479\" data-element_type=\"widget\" data-e-type=\"widget\" data-widget_type=\"heading.default\">\n\t\t\t\t<div class=\"elementor-widget-container\">\n\t\t\t\t\t<h2 class=\"elementor-heading-title elementor-size-default\">Our Human Resources Approach<\/h2>\t\t\t\t<\/div>\n\t\t\t\t<\/div>\n\t\t\t\t<div class=\"elementor-element elementor-element-82a183b elementor-widget elementor-widget-text-editor\" data-id=\"82a183b\" data-element_type=\"widget\" data-e-type=\"widget\" data-widget_type=\"text-editor.default\">\n\t\t\t\t<div class=\"elementor-widget-container\">\n\t\t\t\t\t\t\t\t\t<p>With our Human Resources policy, we aim to develop and implement human resources systems that are development-oriented, equal, fair, respectful to differences and ethical values, and support high performance.<\/p><p>Our basic principle is to develop and maintain a transparent and sustainable human resources approach that is open to change, uses its resources efficiently, is sensitive to occupational health and safety, complies with quality standards, continuously improves its technology, draws strength from the creativity of its employees, on the way to becoming a global company.<\/p><p><b>Aysan Elektrik;<\/b><\/p><ul><li>Selecting and assigning qualified people to the appropriate job<\/li><li>Carrying out our work by believing in the power of teamwork and making decisions with a \"we\" approach\u00a0<\/li><li>To provide a working environment where all our company employees can use their skills and increase their productivity.<\/li><li>Implementing performance systems that encourage and reward success.<\/li><\/ul>\t\t\t\t\t\t\t\t<\/div>\n\t\t\t\t<\/div>\n\t\t\t\t\t<\/div>\n\t\t<\/div>\n\t\t\t\t\t<\/div>\n\t\t<\/section>\n\t\t\t\t<section class=\"elementor-section elementor-top-section elementor-element elementor-element-071593a elementor-section-boxed elementor-section-height-default elementor-section-height-default\" data-id=\"071593a\" data-element_type=\"section\" data-e-type=\"section\" data-settings=\"{&quot;jet_parallax_layout_list&quot;:[{&quot;jet_parallax_layout_image&quot;:{&quot;url&quot;:&quot;&quot;,&quot;id&quot;:&quot;&quot;,&quot;size&quot;:&quot;&quot;},&quot;_id&quot;:&quot;a294883&quot;,&quot;jet_parallax_layout_image_tablet&quot;:{&quot;url&quot;:&quot;&quot;,&quot;id&quot;:&quot;&quot;,&quot;size&quot;:&quot;&quot;},&quot;jet_parallax_layout_image_mobile&quot;:{&quot;url&quot;:&quot;&quot;,&quot;id&quot;:&quot;&quot;,&quot;size&quot;:&quot;&quot;},&quot;jet_parallax_layout_speed&quot;:{&quot;unit&quot;:&quot;%&quot;,&quot;size&quot;:50,&quot;sizes&quot;:[]},&quot;jet_parallax_layout_type&quot;:&quot;scroll&quot;,&quot;jet_parallax_layout_direction&quot;:null,&quot;jet_parallax_layout_fx_direction&quot;:null,&quot;jet_parallax_layout_z_index&quot;:&quot;&quot;,&quot;jet_parallax_layout_bg_x&quot;:50,&quot;jet_parallax_layout_bg_y&quot;:50,&quot;jet_parallax_layout_bg_size&quot;:&quot;auto&quot;,&quot;jet_parallax_layout_animation_prop&quot;:&quot;transform&quot;,&quot;jet_parallax_layout_on&quot;:[&quot;desktop&quot;,&quot;tablet&quot;],&quot;jet_parallax_layout_bg_x_tablet&quot;:&quot;&quot;,&quot;jet_parallax_layout_bg_x_mobile&quot;:&quot;&quot;,&quot;jet_parallax_layout_bg_y_tablet&quot;:&quot;&quot;,&quot;jet_parallax_layout_bg_y_mobile&quot;:&quot;&quot;,&quot;jet_parallax_layout_bg_size_tablet&quot;:&quot;&quot;,&quot;jet_parallax_layout_bg_size_mobile&quot;:&quot;&quot;}]}\">\n\t\t\t\t\t\t<div class=\"elementor-container elementor-column-gap-default\">\n\t\t\t\t\t<div class=\"elementor-column elementor-col-50 elementor-top-column elementor-element elementor-element-4ca78fd elementor-invisible\" data-id=\"4ca78fd\" data-element_type=\"column\" data-e-type=\"column\" data-settings=\"{&quot;background_background&quot;:&quot;classic&quot;,&quot;animation&quot;:&quot;fadeInUp&quot;}\">\n\t\t\t<div class=\"elementor-widget-wrap elementor-element-populated\">\n\t\t\t\t\t\t<div class=\"elementor-element elementor-element-eb33ab5 elementor-widget elementor-widget-image\" data-id=\"eb33ab5\" data-element_type=\"widget\" data-e-type=\"widget\" data-widget_type=\"image.default\">\n\t\t\t\t<div class=\"elementor-widget-container\">\n\t\t\t\t\t\t\t\t\t\t\t\t\t\t\t\t<a href=\"https:\/\/www.secretcv.com\/\" target=\"_blank\">\n\t\t\t\t\t\t\t<img decoding=\"async\" width=\"168\" height=\"44\" src=\"https:\/\/www.aysanelektrik.com.tr\/wp-content\/uploads\/2020\/04\/secretcv-logo.png\" class=\"attachment-full size-full wp-image-348\" alt=\"secret-cv\" \/>\t\t\t\t\t\t\t\t<\/a>\n\t\t\t\t\t\t\t\t\t\t\t\t\t\t\t<\/div>\n\t\t\t\t<\/div>\n\t\t\t\t<div class=\"elementor-element elementor-element-845a221 elementor-widget elementor-widget-heading\" data-id=\"845a221\" data-element_type=\"widget\" data-e-type=\"widget\" data-widget_type=\"heading.default\">\n\t\t\t\t<div class=\"elementor-widget-container\">\n\t\t\t\t\t<h5 class=\"elementor-heading-title elementor-size-default\"><a href=\"https:\/\/www.secretcv.com\/\" target=\"_blank\">You can follow our open positions here.<\/a><\/h5>\t\t\t\t<\/div>\n\t\t\t\t<\/div>\n\t\t\t\t\t<\/div>\n\t\t<\/div>\n\t\t\t\t<div class=\"elementor-column elementor-col-50 elementor-top-column elementor-element elementor-element-5f7a047 elementor-invisible\" data-id=\"5f7a047\" data-element_type=\"column\" data-e-type=\"column\" data-settings=\"{&quot;background_background&quot;:&quot;classic&quot;,&quot;animation&quot;:&quot;fadeInUp&quot;,&quot;animation_delay&quot;:500}\">\n\t\t\t<div class=\"elementor-widget-wrap elementor-element-populated\">\n\t\t\t\t\t\t<div class=\"elementor-element elementor-element-c275e85 elementor-view-default elementor-widget elementor-widget-icon\" data-id=\"c275e85\" data-element_type=\"widget\" data-e-type=\"widget\" data-widget_type=\"icon.default\">\n\t\t\t\t<div class=\"elementor-widget-container\">\n\t\t\t\t\t\t\t<div class=\"elementor-icon-wrapper\">\n\t\t\t<a class=\"elementor-icon\" href=\"http:\/\/www.aysanelektrik.com.tr\/en\/insan-kaynaklari-formu\/\">\n\t\t\t<i aria-hidden=\"true\" class=\"fab fa-wpforms\"><\/i>\t\t\t<\/a>\n\t\t<\/div>\n\t\t\t\t\t\t<\/div>\n\t\t\t\t<\/div>\n\t\t\t\t<div class=\"elementor-element elementor-element-7f68cde elementor-widget elementor-widget-heading\" data-id=\"7f68cde\" data-element_type=\"widget\" data-e-type=\"widget\" data-widget_type=\"heading.default\">\n\t\t\t\t<div class=\"elementor-widget-container\">\n\t\t\t\t\t<h5 class=\"elementor-heading-title elementor-size-default\"><a href=\"http:\/\/www.aysanelektrik.com.tr\/en\/insan-kaynaklari-formu\/\">Please click here for general application.<\/a><\/h5>\t\t\t\t<\/div>\n\t\t\t\t<\/div>\n\t\t\t\t\t<\/div>\n\t\t<\/div>\n\t\t\t\t\t<\/div>\n\t\t<\/section>\n\t\t\t\t<\/div>","protected":false},"excerpt":{"rendered":"<p>\u0130nsan Kaynaklar\u0131 Anlay\u0131\u015f\u0131m\u0131z \u0130nsan Kaynaklar\u0131 politikam\u0131z ile geli\u015fim odakl\u0131, e\u015fit, adil uygulamalara sahip, farkl\u0131l\u0131klara ve etik de\u011ferlere sayg\u0131l\u0131, y\u00fcksek performans\u0131 destekleyen insan\u00a0 kaynaklar\u0131 sistemleri geli\u015ftirmeyi ve uygulamay\u0131 hedeflemekteyiz. Temel prensibimiz de\u011fi\u015fime a\u00e7\u0131k, k\u00fcresel bir \u015firket olma yolunda kaynaklar\u0131n\u0131 verimli kullanan, i\u015f sa\u011fl\u0131\u011f\u0131 ve g\u00fcvenli\u011fine duyarl\u0131, kalite standartlar\u0131na uyumlu, teknolojisini s\u00fcrekli geli\u015ftiren, \u00e7al\u0131\u015fanlar\u0131n\u0131n yarat\u0131c\u0131l\u0131\u011f\u0131ndan g\u00fc\u00e7 alan, [&hellip;]<\/p>","protected":false},"author":1,"featured_media":342,"parent":0,"menu_order":0,"comment_status":"closed","ping_status":"closed","template":"","meta":{"footnotes":""},"class_list":["post-27","page","type-page","status-publish","has-post-thumbnail","hentry"],"yoast_head":"<!-- This site is optimized with the Yoast SEO plugin v27.4 - https:\/\/yoast.com\/product\/yoast-seo-wordpress\/ -->\n<title>\u0130nsan Kaynaklar\u0131 - Aysan Elektrik<\/title>\n<meta name=\"robots\" content=\"index, follow, max-snippet:-1, max-image-preview:large, max-video-preview:-1\" \/>\n<link rel=\"canonical\" href=\"https:\/\/www.aysanelektrik.com.tr\/en\/insan-kaynaklari\/\" \/>\n<meta property=\"og:locale\" content=\"en_US\" \/>\n<meta property=\"og:type\" content=\"article\" \/>\n<meta property=\"og:title\" content=\"\u0130nsan Kaynaklar\u0131 - Aysan Elektrik\" \/>\n<meta property=\"og:description\" content=\"\u0130nsan Kaynaklar\u0131 Anlay\u0131\u015f\u0131m\u0131z \u0130nsan Kaynaklar\u0131 politikam\u0131z ile geli\u015fim odakl\u0131, e\u015fit, adil uygulamalara sahip, farkl\u0131l\u0131klara ve etik de\u011ferlere sayg\u0131l\u0131, y\u00fcksek performans\u0131 destekleyen insan\u00a0 kaynaklar\u0131 sistemleri geli\u015ftirmeyi ve uygulamay\u0131 hedeflemekteyiz. Temel prensibimiz de\u011fi\u015fime a\u00e7\u0131k, k\u00fcresel bir \u015firket olma yolunda kaynaklar\u0131n\u0131 verimli kullanan, i\u015f sa\u011fl\u0131\u011f\u0131 ve g\u00fcvenli\u011fine duyarl\u0131, kalite standartlar\u0131na uyumlu, teknolojisini s\u00fcrekli geli\u015ftiren, \u00e7al\u0131\u015fanlar\u0131n\u0131n yarat\u0131c\u0131l\u0131\u011f\u0131ndan g\u00fc\u00e7 alan, [&hellip;]\" \/>\n<meta property=\"og:url\" content=\"https:\/\/www.aysanelektrik.com.tr\/en\/insan-kaynaklari\/\" \/>\n<meta property=\"og:site_name\" content=\"Aysan Elektrik\" \/>\n<meta property=\"article:modified_time\" content=\"2020-04-08T15:07:21+00:00\" \/>\n<meta property=\"og:image\" content=\"https:\/\/www.aysanelektrik.com.tr\/wp-content\/uploads\/2020\/04\/aysan-insan-kaynaklari.jpg\" \/>\n\t<meta property=\"og:image:width\" content=\"2000\" \/>\n\t<meta property=\"og:image:height\" content=\"1335\" \/>\n\t<meta property=\"og:image:type\" content=\"image\/jpeg\" \/>\n<meta name=\"twitter:card\" content=\"summary_large_image\" \/>\n<meta name=\"twitter:label1\" content=\"Est. reading time\" \/>\n\t<meta name=\"twitter:data1\" content=\"1 minute\" \/>\n<script type=\"application\/ld+json\" class=\"yoast-schema-graph\">{\"@context\":\"https:\\\/\\\/schema.org\",\"@graph\":[{\"@type\":\"WebPage\",\"@id\":\"https:\\\/\\\/www.aysanelektrik.com.tr\\\/insan-kaynaklari\\\/\",\"url\":\"https:\\\/\\\/www.aysanelektrik.com.tr\\\/insan-kaynaklari\\\/\",\"name\":\"\u0130nsan Kaynaklar\u0131 - Aysan Elektrik\",\"isPartOf\":{\"@id\":\"https:\\\/\\\/www.aysanelektrik.com.tr\\\/#website\"},\"primaryImageOfPage\":{\"@id\":\"https:\\\/\\\/www.aysanelektrik.com.tr\\\/insan-kaynaklari\\\/#primaryimage\"},\"image\":{\"@id\":\"https:\\\/\\\/www.aysanelektrik.com.tr\\\/insan-kaynaklari\\\/#primaryimage\"},\"thumbnailUrl\":\"https:\\\/\\\/www.aysanelektrik.com.tr\\\/wp-content\\\/uploads\\\/2020\\\/04\\\/aysan-insan-kaynaklari.jpg\",\"datePublished\":\"2020-03-09T14:32:12+00:00\",\"dateModified\":\"2020-04-08T15:07:21+00:00\",\"breadcrumb\":{\"@id\":\"https:\\\/\\\/www.aysanelektrik.com.tr\\\/insan-kaynaklari\\\/#breadcrumb\"},\"inLanguage\":\"en-US\",\"potentialAction\":[{\"@type\":\"ReadAction\",\"target\":[\"https:\\\/\\\/www.aysanelektrik.com.tr\\\/insan-kaynaklari\\\/\"]}]},{\"@type\":\"ImageObject\",\"inLanguage\":\"en-US\",\"@id\":\"https:\\\/\\\/www.aysanelektrik.com.tr\\\/insan-kaynaklari\\\/#primaryimage\",\"url\":\"https:\\\/\\\/www.aysanelektrik.com.tr\\\/wp-content\\\/uploads\\\/2020\\\/04\\\/aysan-insan-kaynaklari.jpg\",\"contentUrl\":\"https:\\\/\\\/www.aysanelektrik.com.tr\\\/wp-content\\\/uploads\\\/2020\\\/04\\\/aysan-insan-kaynaklari.jpg\",\"width\":2000,\"height\":1335},{\"@type\":\"BreadcrumbList\",\"@id\":\"https:\\\/\\\/www.aysanelektrik.com.tr\\\/insan-kaynaklari\\\/#breadcrumb\",\"itemListElement\":[{\"@type\":\"ListItem\",\"position\":1,\"name\":\"Ana sayfa\",\"item\":\"https:\\\/\\\/www.aysanelektrik.com.tr\\\/en\\\/\"},{\"@type\":\"ListItem\",\"position\":2,\"name\":\"\u0130nsan Kaynaklar\u0131\"}]},{\"@type\":\"WebSite\",\"@id\":\"https:\\\/\\\/www.aysanelektrik.com.tr\\\/#website\",\"url\":\"https:\\\/\\\/www.aysanelektrik.com.tr\\\/\",\"name\":\"Aysan Elektrik\",\"description\":\"Beton K\u00f6\u015fk, Orta Gerilim\",\"publisher\":{\"@id\":\"https:\\\/\\\/www.aysanelektrik.com.tr\\\/#organization\"},\"potentialAction\":[{\"@type\":\"SearchAction\",\"target\":{\"@type\":\"EntryPoint\",\"urlTemplate\":\"https:\\\/\\\/www.aysanelektrik.com.tr\\\/?s={search_term_string}\"},\"query-input\":{\"@type\":\"PropertyValueSpecification\",\"valueRequired\":true,\"valueName\":\"search_term_string\"}}],\"inLanguage\":\"en-US\"},{\"@type\":\"Organization\",\"@id\":\"https:\\\/\\\/www.aysanelektrik.com.tr\\\/#organization\",\"name\":\"Aysan Elektrik\",\"url\":\"https:\\\/\\\/www.aysanelektrik.com.tr\\\/\",\"logo\":{\"@type\":\"ImageObject\",\"inLanguage\":\"en-US\",\"@id\":\"https:\\\/\\\/www.aysanelektrik.com.tr\\\/#\\\/schema\\\/logo\\\/image\\\/\",\"url\":\"https:\\\/\\\/www.aysanelektrik.com.tr\\\/wp-content\\\/uploads\\\/2020\\\/03\\\/logo-aysan.png\",\"contentUrl\":\"https:\\\/\\\/www.aysanelektrik.com.tr\\\/wp-content\\\/uploads\\\/2020\\\/03\\\/logo-aysan.png\",\"width\":500,\"height\":169,\"caption\":\"Aysan Elektrik\"},\"image\":{\"@id\":\"https:\\\/\\\/www.aysanelektrik.com.tr\\\/#\\\/schema\\\/logo\\\/image\\\/\"}}]}<\/script>\n<!-- \/ Yoast SEO plugin. -->","yoast_head_json":{"title":"\u0130nsan Kaynaklar\u0131 - Aysan Elektrik","robots":{"index":"index","follow":"follow","max-snippet":"max-snippet:-1","max-image-preview":"max-image-preview:large","max-video-preview":"max-video-preview:-1"},"canonical":"https:\/\/www.aysanelektrik.com.tr\/en\/insan-kaynaklari\/","og_locale":"en_US","og_type":"article","og_title":"\u0130nsan Kaynaklar\u0131 - Aysan Elektrik","og_description":"\u0130nsan Kaynaklar\u0131 Anlay\u0131\u015f\u0131m\u0131z \u0130nsan Kaynaklar\u0131 politikam\u0131z ile geli\u015fim odakl\u0131, e\u015fit, adil uygulamalara sahip, farkl\u0131l\u0131klara ve etik de\u011ferlere sayg\u0131l\u0131, y\u00fcksek performans\u0131 destekleyen insan\u00a0 kaynaklar\u0131 sistemleri geli\u015ftirmeyi ve uygulamay\u0131 hedeflemekteyiz. Temel prensibimiz de\u011fi\u015fime a\u00e7\u0131k, k\u00fcresel bir \u015firket olma yolunda kaynaklar\u0131n\u0131 verimli kullanan, i\u015f sa\u011fl\u0131\u011f\u0131 ve g\u00fcvenli\u011fine duyarl\u0131, kalite standartlar\u0131na uyumlu, teknolojisini s\u00fcrekli geli\u015ftiren, \u00e7al\u0131\u015fanlar\u0131n\u0131n yarat\u0131c\u0131l\u0131\u011f\u0131ndan g\u00fc\u00e7 alan, [&hellip;]","og_url":"https:\/\/www.aysanelektrik.com.tr\/en\/insan-kaynaklari\/","og_site_name":"Aysan Elektrik","article_modified_time":"2020-04-08T15:07:21+00:00","og_image":[{"width":2000,"height":1335,"url":"https:\/\/www.aysanelektrik.com.tr\/wp-content\/uploads\/2020\/04\/aysan-insan-kaynaklari.jpg","type":"image\/jpeg"}],"twitter_card":"summary_large_image","twitter_misc":{"Est. reading time":"1 minute"},"schema":{"@context":"https:\/\/schema.org","@graph":[{"@type":"WebPage","@id":"https:\/\/www.aysanelektrik.com.tr\/insan-kaynaklari\/","url":"https:\/\/www.aysanelektrik.com.tr\/insan-kaynaklari\/","name":"\u0130nsan Kaynaklar\u0131 - Aysan Elektrik","isPartOf":{"@id":"https:\/\/www.aysanelektrik.com.tr\/#website"},"primaryImageOfPage":{"@id":"https:\/\/www.aysanelektrik.com.tr\/insan-kaynaklari\/#primaryimage"},"image":{"@id":"https:\/\/www.aysanelektrik.com.tr\/insan-kaynaklari\/#primaryimage"},"thumbnailUrl":"https:\/\/www.aysanelektrik.com.tr\/wp-content\/uploads\/2020\/04\/aysan-insan-kaynaklari.jpg","datePublished":"2020-03-09T14:32:12+00:00","dateModified":"2020-04-08T15:07:21+00:00","breadcrumb":{"@id":"https:\/\/www.aysanelektrik.com.tr\/insan-kaynaklari\/#breadcrumb"},"inLanguage":"en-US","potentialAction":[{"@type":"ReadAction","target":["https:\/\/www.aysanelektrik.com.tr\/insan-kaynaklari\/"]}]},{"@type":"ImageObject","inLanguage":"en-US","@id":"https:\/\/www.aysanelektrik.com.tr\/insan-kaynaklari\/#primaryimage","url":"https:\/\/www.aysanelektrik.com.tr\/wp-content\/uploads\/2020\/04\/aysan-insan-kaynaklari.jpg","contentUrl":"https:\/\/www.aysanelektrik.com.tr\/wp-content\/uploads\/2020\/04\/aysan-insan-kaynaklari.jpg","width":2000,"height":1335},{"@type":"BreadcrumbList","@id":"https:\/\/www.aysanelektrik.com.tr\/insan-kaynaklari\/#breadcrumb","itemListElement":[{"@type":"ListItem","position":1,"name":"Ana sayfa","item":"https:\/\/www.aysanelektrik.com.tr\/en\/"},{"@type":"ListItem","position":2,"name":"\u0130nsan Kaynaklar\u0131"}]},{"@type":"WebSite","@id":"https:\/\/www.aysanelektrik.com.tr\/#website","url":"https:\/\/www.aysanelektrik.com.tr\/","name":"Aysan Elektrik","description":"Beton K\u00f6\u015fk, Orta Gerilim","publisher":{"@id":"https:\/\/www.aysanelektrik.com.tr\/#organization"},"potentialAction":[{"@type":"SearchAction","target":{"@type":"EntryPoint","urlTemplate":"https:\/\/www.aysanelektrik.com.tr\/?s={search_term_string}"},"query-input":{"@type":"PropertyValueSpecification","valueRequired":true,"valueName":"search_term_string"}}],"inLanguage":"en-US"},{"@type":"Organization","@id":"https:\/\/www.aysanelektrik.com.tr\/#organization","name":"Aysan Elektrik","url":"https:\/\/www.aysanelektrik.com.tr\/","logo":{"@type":"ImageObject","inLanguage":"en-US","@id":"https:\/\/www.aysanelektrik.com.tr\/#\/schema\/logo\/image\/","url":"https:\/\/www.aysanelektrik.com.tr\/wp-content\/uploads\/2020\/03\/logo-aysan.png","contentUrl":"https:\/\/www.aysanelektrik.com.tr\/wp-content\/uploads\/2020\/03\/logo-aysan.png","width":500,"height":169,"caption":"Aysan Elektrik"},"image":{"@id":"https:\/\/www.aysanelektrik.com.tr\/#\/schema\/logo\/image\/"}}]}},"_links":{"self":[{"href":"https:\/\/www.aysanelektrik.com.tr\/en\/wp-json\/wp\/v2\/pages\/27","targetHints":{"allow":["GET"]}}],"collection":[{"href":"https:\/\/www.aysanelektrik.com.tr\/en\/wp-json\/wp\/v2\/pages"}],"about":[{"href":"https:\/\/www.aysanelektrik.com.tr\/en\/wp-json\/wp\/v2\/types\/page"}],"author":[{"embeddable":true,"href":"https:\/\/www.aysanelektrik.com.tr\/en\/wp-json\/wp\/v2\/users\/1"}],"replies":[{"embeddable":true,"href":"https:\/\/www.aysanelektrik.com.tr\/en\/wp-json\/wp\/v2\/comments?post=27"}],"version-history":[{"count":20,"href":"https:\/\/www.aysanelektrik.com.tr\/en\/wp-json\/wp\/v2\/pages\/27\/revisions"}],"predecessor-version":[{"id":860,"href":"https:\/\/www.aysanelektrik.com.tr\/en\/wp-json\/wp\/v2\/pages\/27\/revisions\/860"}],"wp:featuredmedia":[{"embeddable":true,"href":"https:\/\/www.aysanelektrik.com.tr\/en\/wp-json\/wp\/v2\/media\/342"}],"wp:attachment":[{"href":"https:\/\/www.aysanelektrik.com.tr\/en\/wp-json\/wp\/v2\/media?parent=27"}],"curies":[{"name":"wp","href":"https:\/\/api.w.org\/{rel}","templated":true}]}}