{"id":352,"date":"2020-04-03T11:27:16","date_gmt":"2020-04-03T11:27:16","guid":{"rendered":"http:\/\/www.aysanelektrik.com.tr\/?page_id=352"},"modified":"2020-04-03T15:36:01","modified_gmt":"2020-04-03T15:36:01","slug":"insan-kaynaklari-formu","status":"publish","type":"page","link":"https:\/\/www.aysanelektrik.com.tr\/en\/insan-kaynaklari\/insan-kaynaklari-formu\/","title":{"rendered":"\u0130nsan Kaynaklar\u0131 Formu"},"content":{"rendered":"<div data-elementor-type=\"wp-page\" data-elementor-id=\"352\" class=\"elementor elementor-352\" data-elementor-post-type=\"page\">\n\t\t\t\t\t\t<section class=\"elementor-section elementor-top-section elementor-element elementor-element-50c49b8d elementor-section-content-middle elementor-section-boxed elementor-section-height-default elementor-section-height-default\" data-id=\"50c49b8d\" data-element_type=\"section\" data-e-type=\"section\" data-settings=\"{&quot;background_background&quot;:&quot;classic&quot;,&quot;jet_parallax_layout_list&quot;:[{&quot;jet_parallax_layout_image&quot;:{&quot;url&quot;:&quot;&quot;,&quot;id&quot;:&quot;&quot;,&quot;size&quot;:&quot;&quot;},&quot;jet_parallax_layout_image_tablet&quot;:{&quot;url&quot;:&quot;&quot;,&quot;id&quot;:&quot;&quot;,&quot;size&quot;:&quot;&quot;},&quot;jet_parallax_layout_image_mobile&quot;:{&quot;url&quot;:&quot;&quot;,&quot;id&quot;:&quot;&quot;,&quot;size&quot;:&quot;&quot;},&quot;jet_parallax_layout_speed&quot;:{&quot;unit&quot;:&quot;%&quot;,&quot;size&quot;:50,&quot;sizes&quot;:[]},&quot;jet_parallax_layout_type&quot;:&quot;scroll&quot;,&quot;jet_parallax_layout_direction&quot;:null,&quot;jet_parallax_layout_fx_direction&quot;:null,&quot;jet_parallax_layout_z_index&quot;:&quot;&quot;,&quot;jet_parallax_layout_bg_x&quot;:50,&quot;jet_parallax_layout_bg_y&quot;:50,&quot;jet_parallax_layout_bg_size&quot;:&quot;auto&quot;,&quot;jet_parallax_layout_animation_prop&quot;:&quot;transform&quot;,&quot;jet_parallax_layout_on&quot;:[&quot;desktop&quot;,&quot;tablet&quot;],&quot;_id&quot;:&quot;2e60d3a&quot;,&quot;jet_parallax_layout_bg_x_tablet&quot;:&quot;&quot;,&quot;jet_parallax_layout_bg_x_mobile&quot;:&quot;&quot;,&quot;jet_parallax_layout_bg_y_tablet&quot;:&quot;&quot;,&quot;jet_parallax_layout_bg_y_mobile&quot;:&quot;&quot;,&quot;jet_parallax_layout_bg_size_tablet&quot;:&quot;&quot;,&quot;jet_parallax_layout_bg_size_mobile&quot;:&quot;&quot;}]}\">\n\t\t\t\t\t\t<div class=\"elementor-container elementor-column-gap-no\">\n\t\t\t\t\t<div class=\"elementor-column elementor-col-100 elementor-top-column elementor-element elementor-element-14669228\" data-id=\"14669228\" data-element_type=\"column\" data-e-type=\"column\" data-settings=\"{&quot;background_background&quot;:&quot;classic&quot;}\">\n\t\t\t<div class=\"elementor-widget-wrap elementor-element-populated\">\n\t\t\t\t\t\t<div class=\"elementor-element elementor-element-51835933 elementor-widget elementor-widget-heading\" data-id=\"51835933\" data-element_type=\"widget\" data-e-type=\"widget\" data-widget_type=\"heading.default\">\n\t\t\t\t<div class=\"elementor-widget-container\">\n\t\t\t\t\t<h6 class=\"elementor-heading-title elementor-size-default\">Alanlar\u0131 eksiksiz bir \u015fekilde doldurup ba\u015fvurunuzu yapabilirsiniz.<\/h6>\t\t\t\t<\/div>\n\t\t\t\t<\/div>\n\t\t\t\t<div class=\"elementor-element elementor-element-683bc87c elementor-button-align-stretch elementor-widget elementor-widget-form\" data-id=\"683bc87c\" data-element_type=\"widget\" data-e-type=\"widget\" data-settings=\"{&quot;button_width&quot;:&quot;100&quot;,&quot;step_next_label&quot;:&quot;Next&quot;,&quot;step_previous_label&quot;:&quot;Previous&quot;,&quot;step_type&quot;:&quot;number_text&quot;,&quot;step_icon_shape&quot;:&quot;circle&quot;}\" data-widget_type=\"form.default\">\n\t\t\t\t<div class=\"elementor-widget-container\">\n\t\t\t\t\t\t\t<form class=\"elementor-form\" method=\"post\" name=\"New Form\" action=\"\">\n\t\t\t<input type=\"hidden\" name=\"post_id\" value=\"352\"\/>\n\t\t\t<input type=\"hidden\" name=\"form_id\" value=\"683bc87c\"\/>\n\t\t\t<input type=\"hidden\" name=\"referer_title\" value=\"\u0130nsan Kaynaklar\u0131 Formu - Aysan Elektrik\" \/>\n\n\t\t\t\t\t\t\t<input type=\"hidden\" name=\"queried_id\" value=\"352\"\/>\n\t\t\t\n\t\t\t<div class=\"elementor-form-fields-wrapper elementor-labels-\">\n\t\t\t\t\t\t\t\t<div class=\"elementor-field-type-text elementor-field-group elementor-column elementor-field-group-name elementor-col-100 elementor-field-required\">\n\t\t\t\t\t\t\t\t\t\t\t\t<label for=\"form-field-name\" class=\"elementor-field-label elementor-screen-only\">\n\t\t\t\t\t\t\t\tAd Soyad\t\t\t\t\t\t\t<\/label>\n\t\t\t\t\t\t\t\t\t\t\t\t\t\t<input size=\"1\" type=\"text\" name=\"form_fields[name]\" id=\"form-field-name\" class=\"elementor-field elementor-size-md  elementor-field-textual\" placeholder=\"Ad Soyad\" required=\"required\">\n\t\t\t\t\t\t\t\t\t\t\t<\/div>\n\t\t\t\t\t\t\t\t<div class=\"elementor-field-type-tel elementor-field-group elementor-column elementor-field-group-field_02cb7ff elementor-col-100 elementor-field-required\">\n\t\t\t\t\t\t\t\t\t\t\t\t<label for=\"form-field-field_02cb7ff\" class=\"elementor-field-label elementor-screen-only\">\n\t\t\t\t\t\t\t\tTelefon Numaras\u0131\t\t\t\t\t\t\t<\/label>\n\t\t\t\t\t\t\t\t<input size=\"1\" type=\"tel\" name=\"form_fields[field_02cb7ff]\" id=\"form-field-field_02cb7ff\" class=\"elementor-field elementor-size-md  elementor-field-textual\" placeholder=\"Telefon Numaras\u0131\" required=\"required\" pattern=\"[0-9()#&amp;+*-=.]+\" title=\"Only numbers and phone characters (#, -, *, etc) are accepted.\" data-no-translation-title=\"\">\n\n\t\t\t\t\t\t<\/div>\n\t\t\t\t\t\t\t\t<div class=\"elementor-field-type-email elementor-field-group elementor-column elementor-field-group-email elementor-col-100 elementor-field-required\">\n\t\t\t\t\t\t\t\t\t\t\t\t<label for=\"form-field-email\" class=\"elementor-field-label elementor-screen-only\">\n\t\t\t\t\t\t\t\tEmail\t\t\t\t\t\t\t<\/label>\n\t\t\t\t\t\t\t\t\t\t\t\t\t\t<input size=\"1\" type=\"email\" name=\"form_fields[email]\" id=\"form-field-email\" class=\"elementor-field elementor-size-md  elementor-field-textual\" placeholder=\"Your Email\" required=\"required\">\n\t\t\t\t\t\t\t\t\t\t\t<\/div>\n\t\t\t\t\t\t\t\t<div class=\"elementor-field-type-textarea elementor-field-group elementor-column elementor-field-group-field_11e1a89 elementor-col-100 elementor-field-required\">\n\t\t\t\t\t\t\t\t\t\t\t\t<label for=\"form-field-field_11e1a89\" class=\"elementor-field-label elementor-screen-only\">\n\t\t\t\t\t\t\t\t\u00d6n Yaz\u0131\t\t\t\t\t\t\t<\/label>\n\t\t\t\t\t\t<textarea class=\"elementor-field-textual elementor-field  elementor-size-md\" name=\"form_fields[field_11e1a89]\" id=\"form-field-field_11e1a89\" rows=\"6\" placeholder=\"\u00d6n Yaz\u0131\" required=\"required\"><\/textarea>\t\t\t\t<\/div>\n\t\t\t\t\t\t\t\t<div class=\"elementor-field-type-upload elementor-field-group elementor-column elementor-field-group-6ed25c0 elementor-col-100 elementor-field-required\">\n\t\t\t\t\t\t\t\t\t\t\t\t<label for=\"form-field-6ed25c0\" class=\"elementor-field-label elementor-screen-only\">\n\t\t\t\t\t\t\t\t\u00d6zge\u00e7mi\u015f\t\t\t\t\t\t\t<\/label>\n\t\t\t\t\t\t\t\t<input type=\"file\" name=\"form_fields[6ed25c0][]\" id=\"form-field-6ed25c0\" class=\"elementor-field elementor-size-md  elementor-upload-field\" required=\"required\" multiple=\"multiple\" data-maxsize=\"10\" data-maxsize-message=\"This file exceeds the maximum allowed size.\" data-no-translation-data-maxsize-message=\"\">\n\n\t\t\t\t\t\t<\/div>\n\t\t\t\t\t\t\t\t<div class=\"elementor-field-group elementor-column elementor-field-type-submit elementor-col-100 e-form__buttons\">\n\t\t\t\t\t<button class=\"elementor-button elementor-size-md\" type=\"submit\">\n\t\t\t\t\t\t<span class=\"elementor-button-content-wrapper\">\n\t\t\t\t\t\t\t\t\t\t\t\t\t\t\t\t\t\t\t\t\t\t<span class=\"elementor-button-text\">G\u00f6nder<\/span>\n\t\t\t\t\t\t\t\t\t\t\t\t\t<\/span>\n\t\t\t\t\t<\/button>\n\t\t\t\t<\/div>\n\t\t\t<\/div>\n\t\t<input type=\"hidden\" name=\"trp-form-language\" value=\"en\"\/><\/form>\n\t\t\t\t\t\t<\/div>\n\t\t\t\t<\/div>\n\t\t\t\t\t<\/div>\n\t\t<\/div>\n\t\t\t\t\t<\/div>\n\t\t<\/section>\n\t\t\t\t<\/div>","protected":false},"excerpt":{"rendered":"<p>Alanlar\u0131 eksiksiz bir \u015fekilde doldurup ba\u015fvurunuzu yapabilirsiniz.<\/p>","protected":false},"author":1,"featured_media":342,"parent":27,"menu_order":1,"comment_status":"closed","ping_status":"closed","template":"","meta":{"footnotes":""},"class_list":["post-352","page","type-page","status-publish","has-post-thumbnail","hentry"],"yoast_head":"<!-- This site is optimized with the Yoast SEO plugin v27.4 - https:\/\/yoast.com\/product\/yoast-seo-wordpress\/ -->\n<title>\u0130nsan Kaynaklar\u0131 Formu - Aysan Elektrik<\/title>\n<meta name=\"robots\" content=\"index, follow, max-snippet:-1, max-image-preview:large, max-video-preview:-1\" \/>\n<link rel=\"canonical\" href=\"https:\/\/www.aysanelektrik.com.tr\/en\/insan-kaynaklari\/insan-kaynaklari-formu\/\" \/>\n<meta property=\"og:locale\" content=\"en_US\" \/>\n<meta property=\"og:type\" content=\"article\" \/>\n<meta property=\"og:title\" content=\"\u0130nsan Kaynaklar\u0131 Formu - Aysan Elektrik\" \/>\n<meta property=\"og:description\" content=\"Alanlar\u0131 eksiksiz bir \u015fekilde doldurup ba\u015fvurunuzu yapabilirsiniz.\" \/>\n<meta property=\"og:url\" content=\"https:\/\/www.aysanelektrik.com.tr\/en\/insan-kaynaklari\/insan-kaynaklari-formu\/\" \/>\n<meta property=\"og:site_name\" content=\"Aysan Elektrik\" \/>\n<meta property=\"article:modified_time\" content=\"2020-04-03T15:36:01+00:00\" \/>\n<meta property=\"og:image\" content=\"https:\/\/www.aysanelektrik.com.tr\/wp-content\/uploads\/2020\/04\/aysan-insan-kaynaklari.jpg\" \/>\n\t<meta property=\"og:image:width\" content=\"2000\" \/>\n\t<meta property=\"og:image:height\" content=\"1335\" \/>\n\t<meta property=\"og:image:type\" content=\"image\/jpeg\" \/>\n<meta name=\"twitter:card\" content=\"summary_large_image\" \/>\n<script type=\"application\/ld+json\" class=\"yoast-schema-graph\">{\"@context\":\"https:\\\/\\\/schema.org\",\"@graph\":[{\"@type\":\"WebPage\",\"@id\":\"https:\\\/\\\/www.aysanelektrik.com.tr\\\/insan-kaynaklari\\\/insan-kaynaklari-formu\\\/\",\"url\":\"https:\\\/\\\/www.aysanelektrik.com.tr\\\/insan-kaynaklari\\\/insan-kaynaklari-formu\\\/\",\"name\":\"\u0130nsan Kaynaklar\u0131 Formu - Aysan Elektrik\",\"isPartOf\":{\"@id\":\"https:\\\/\\\/www.aysanelektrik.com.tr\\\/#website\"},\"primaryImageOfPage\":{\"@id\":\"https:\\\/\\\/www.aysanelektrik.com.tr\\\/insan-kaynaklari\\\/insan-kaynaklari-formu\\\/#primaryimage\"},\"image\":{\"@id\":\"https:\\\/\\\/www.aysanelektrik.com.tr\\\/insan-kaynaklari\\\/insan-kaynaklari-formu\\\/#primaryimage\"},\"thumbnailUrl\":\"https:\\\/\\\/www.aysanelektrik.com.tr\\\/wp-content\\\/uploads\\\/2020\\\/04\\\/aysan-insan-kaynaklari.jpg\",\"datePublished\":\"2020-04-03T11:27:16+00:00\",\"dateModified\":\"2020-04-03T15:36:01+00:00\",\"breadcrumb\":{\"@id\":\"https:\\\/\\\/www.aysanelektrik.com.tr\\\/insan-kaynaklari\\\/insan-kaynaklari-formu\\\/#breadcrumb\"},\"inLanguage\":\"en-US\",\"potentialAction\":[{\"@type\":\"ReadAction\",\"target\":[\"https:\\\/\\\/www.aysanelektrik.com.tr\\\/insan-kaynaklari\\\/insan-kaynaklari-formu\\\/\"]}]},{\"@type\":\"ImageObject\",\"inLanguage\":\"en-US\",\"@id\":\"https:\\\/\\\/www.aysanelektrik.com.tr\\\/insan-kaynaklari\\\/insan-kaynaklari-formu\\\/#primaryimage\",\"url\":\"https:\\\/\\\/www.aysanelektrik.com.tr\\\/wp-content\\\/uploads\\\/2020\\\/04\\\/aysan-insan-kaynaklari.jpg\",\"contentUrl\":\"https:\\\/\\\/www.aysanelektrik.com.tr\\\/wp-content\\\/uploads\\\/2020\\\/04\\\/aysan-insan-kaynaklari.jpg\",\"width\":2000,\"height\":1335},{\"@type\":\"BreadcrumbList\",\"@id\":\"https:\\\/\\\/www.aysanelektrik.com.tr\\\/insan-kaynaklari\\\/insan-kaynaklari-formu\\\/#breadcrumb\",\"itemListElement\":[{\"@type\":\"ListItem\",\"position\":1,\"name\":\"Ana sayfa\",\"item\":\"https:\\\/\\\/www.aysanelektrik.com.tr\\\/en\\\/\"},{\"@type\":\"ListItem\",\"position\":2,\"name\":\"\u0130nsan Kaynaklar\u0131\",\"item\":\"https:\\\/\\\/www.aysanelektrik.com.tr\\\/insan-kaynaklari\\\/\"},{\"@type\":\"ListItem\",\"position\":3,\"name\":\"\u0130nsan Kaynaklar\u0131 Formu\"}]},{\"@type\":\"WebSite\",\"@id\":\"https:\\\/\\\/www.aysanelektrik.com.tr\\\/#website\",\"url\":\"https:\\\/\\\/www.aysanelektrik.com.tr\\\/\",\"name\":\"Aysan Elektrik\",\"description\":\"Beton K\u00f6\u015fk, Orta Gerilim\",\"publisher\":{\"@id\":\"https:\\\/\\\/www.aysanelektrik.com.tr\\\/#organization\"},\"potentialAction\":[{\"@type\":\"SearchAction\",\"target\":{\"@type\":\"EntryPoint\",\"urlTemplate\":\"https:\\\/\\\/www.aysanelektrik.com.tr\\\/?s={search_term_string}\"},\"query-input\":{\"@type\":\"PropertyValueSpecification\",\"valueRequired\":true,\"valueName\":\"search_term_string\"}}],\"inLanguage\":\"en-US\"},{\"@type\":\"Organization\",\"@id\":\"https:\\\/\\\/www.aysanelektrik.com.tr\\\/#organization\",\"name\":\"Aysan Elektrik\",\"url\":\"https:\\\/\\\/www.aysanelektrik.com.tr\\\/\",\"logo\":{\"@type\":\"ImageObject\",\"inLanguage\":\"en-US\",\"@id\":\"https:\\\/\\\/www.aysanelektrik.com.tr\\\/#\\\/schema\\\/logo\\\/image\\\/\",\"url\":\"https:\\\/\\\/www.aysanelektrik.com.tr\\\/wp-content\\\/uploads\\\/2020\\\/03\\\/logo-aysan.png\",\"contentUrl\":\"https:\\\/\\\/www.aysanelektrik.com.tr\\\/wp-content\\\/uploads\\\/2020\\\/03\\\/logo-aysan.png\",\"width\":500,\"height\":169,\"caption\":\"Aysan Elektrik\"},\"image\":{\"@id\":\"https:\\\/\\\/www.aysanelektrik.com.tr\\\/#\\\/schema\\\/logo\\\/image\\\/\"}}]}<\/script>\n<!-- \/ Yoast SEO plugin. -->","yoast_head_json":{"title":"\u0130nsan Kaynaklar\u0131 Formu - Aysan Elektrik","robots":{"index":"index","follow":"follow","max-snippet":"max-snippet:-1","max-image-preview":"max-image-preview:large","max-video-preview":"max-video-preview:-1"},"canonical":"https:\/\/www.aysanelektrik.com.tr\/en\/insan-kaynaklari\/insan-kaynaklari-formu\/","og_locale":"en_US","og_type":"article","og_title":"\u0130nsan Kaynaklar\u0131 Formu - Aysan Elektrik","og_description":"Alanlar\u0131 eksiksiz bir \u015fekilde doldurup ba\u015fvurunuzu yapabilirsiniz.","og_url":"https:\/\/www.aysanelektrik.com.tr\/en\/insan-kaynaklari\/insan-kaynaklari-formu\/","og_site_name":"Aysan Elektrik","article_modified_time":"2020-04-03T15:36:01+00:00","og_image":[{"width":2000,"height":1335,"url":"https:\/\/www.aysanelektrik.com.tr\/wp-content\/uploads\/2020\/04\/aysan-insan-kaynaklari.jpg","type":"image\/jpeg"}],"twitter_card":"summary_large_image","schema":{"@context":"https:\/\/schema.org","@graph":[{"@type":"WebPage","@id":"https:\/\/www.aysanelektrik.com.tr\/insan-kaynaklari\/insan-kaynaklari-formu\/","url":"https:\/\/www.aysanelektrik.com.tr\/insan-kaynaklari\/insan-kaynaklari-formu\/","name":"\u0130nsan Kaynaklar\u0131 Formu - Aysan Elektrik","isPartOf":{"@id":"https:\/\/www.aysanelektrik.com.tr\/#website"},"primaryImageOfPage":{"@id":"https:\/\/www.aysanelektrik.com.tr\/insan-kaynaklari\/insan-kaynaklari-formu\/#primaryimage"},"image":{"@id":"https:\/\/www.aysanelektrik.com.tr\/insan-kaynaklari\/insan-kaynaklari-formu\/#primaryimage"},"thumbnailUrl":"https:\/\/www.aysanelektrik.com.tr\/wp-content\/uploads\/2020\/04\/aysan-insan-kaynaklari.jpg","datePublished":"2020-04-03T11:27:16+00:00","dateModified":"2020-04-03T15:36:01+00:00","breadcrumb":{"@id":"https:\/\/www.aysanelektrik.com.tr\/insan-kaynaklari\/insan-kaynaklari-formu\/#breadcrumb"},"inLanguage":"en-US","potentialAction":[{"@type":"ReadAction","target":["https:\/\/www.aysanelektrik.com.tr\/insan-kaynaklari\/insan-kaynaklari-formu\/"]}]},{"@type":"ImageObject","inLanguage":"en-US","@id":"https:\/\/www.aysanelektrik.com.tr\/insan-kaynaklari\/insan-kaynaklari-formu\/#primaryimage","url":"https:\/\/www.aysanelektrik.com.tr\/wp-content\/uploads\/2020\/04\/aysan-insan-kaynaklari.jpg","contentUrl":"https:\/\/www.aysanelektrik.com.tr\/wp-content\/uploads\/2020\/04\/aysan-insan-kaynaklari.jpg","width":2000,"height":1335},{"@type":"BreadcrumbList","@id":"https:\/\/www.aysanelektrik.com.tr\/insan-kaynaklari\/insan-kaynaklari-formu\/#breadcrumb","itemListElement":[{"@type":"ListItem","position":1,"name":"Ana sayfa","item":"https:\/\/www.aysanelektrik.com.tr\/en\/"},{"@type":"ListItem","position":2,"name":"\u0130nsan Kaynaklar\u0131","item":"https:\/\/www.aysanelektrik.com.tr\/insan-kaynaklari\/"},{"@type":"ListItem","position":3,"name":"\u0130nsan Kaynaklar\u0131 Formu"}]},{"@type":"WebSite","@id":"https:\/\/www.aysanelektrik.com.tr\/#website","url":"https:\/\/www.aysanelektrik.com.tr\/","name":"Aysan Elektrik","description":"Beton K\u00f6\u015fk, Orta Gerilim","publisher":{"@id":"https:\/\/www.aysanelektrik.com.tr\/#organization"},"potentialAction":[{"@type":"SearchAction","target":{"@type":"EntryPoint","urlTemplate":"https:\/\/www.aysanelektrik.com.tr\/?s={search_term_string}"},"query-input":{"@type":"PropertyValueSpecification","valueRequired":true,"valueName":"search_term_string"}}],"inLanguage":"en-US"},{"@type":"Organization","@id":"https:\/\/www.aysanelektrik.com.tr\/#organization","name":"Aysan Elektrik","url":"https:\/\/www.aysanelektrik.com.tr\/","logo":{"@type":"ImageObject","inLanguage":"en-US","@id":"https:\/\/www.aysanelektrik.com.tr\/#\/schema\/logo\/image\/","url":"https:\/\/www.aysanelektrik.com.tr\/wp-content\/uploads\/2020\/03\/logo-aysan.png","contentUrl":"https:\/\/www.aysanelektrik.com.tr\/wp-content\/uploads\/2020\/03\/logo-aysan.png","width":500,"height":169,"caption":"Aysan Elektrik"},"image":{"@id":"https:\/\/www.aysanelektrik.com.tr\/#\/schema\/logo\/image\/"}}]}},"_links":{"self":[{"href":"https:\/\/www.aysanelektrik.com.tr\/en\/wp-json\/wp\/v2\/pages\/352","targetHints":{"allow":["GET"]}}],"collection":[{"href":"https:\/\/www.aysanelektrik.com.tr\/en\/wp-json\/wp\/v2\/pages"}],"about":[{"href":"https:\/\/www.aysanelektrik.com.tr\/en\/wp-json\/wp\/v2\/types\/page"}],"author":[{"embeddable":true,"href":"https:\/\/www.aysanelektrik.com.tr\/en\/wp-json\/wp\/v2\/users\/1"}],"replies":[{"embeddable":true,"href":"https:\/\/www.aysanelektrik.com.tr\/en\/wp-json\/wp\/v2\/comments?post=352"}],"version-history":[{"count":9,"href":"https:\/\/www.aysanelektrik.com.tr\/en\/wp-json\/wp\/v2\/pages\/352\/revisions"}],"predecessor-version":[{"id":375,"href":"https:\/\/www.aysanelektrik.com.tr\/en\/wp-json\/wp\/v2\/pages\/352\/revisions\/375"}],"up":[{"embeddable":true,"href":"https:\/\/www.aysanelektrik.com.tr\/en\/wp-json\/wp\/v2\/pages\/27"}],"wp:featuredmedia":[{"embeddable":true,"href":"https:\/\/www.aysanelektrik.com.tr\/en\/wp-json\/wp\/v2\/media\/342"}],"wp:attachment":[{"href":"https:\/\/www.aysanelektrik.com.tr\/en\/wp-json\/wp\/v2\/media?parent=352"}],"curies":[{"name":"wp","href":"https:\/\/api.w.org\/{rel}","templated":true}]}}