{"id":41,"date":"2020-03-09T14:34:21","date_gmt":"2020-03-09T14:34:21","guid":{"rendered":"http:\/\/www.aysanelektrik.com.tr\/?page_id=41"},"modified":"2020-04-08T06:31:19","modified_gmt":"2020-04-08T06:31:19","slug":"habeler","status":"publish","type":"page","link":"https:\/\/www.aysanelektrik.com.tr\/en\/habeler\/","title":{"rendered":"News"},"content":{"rendered":"<div data-elementor-type=\"wp-page\" data-elementor-id=\"41\" class=\"elementor elementor-41\" data-elementor-post-type=\"page\">\n\t\t\t\t\t\t<section class=\"elementor-section elementor-top-section elementor-element elementor-element-c2d8706 elementor-section-boxed elementor-section-height-default elementor-section-height-default\" data-id=\"c2d8706\" data-element_type=\"section\" data-e-type=\"section\" data-settings=\"{&quot;jet_parallax_layout_list&quot;:[{&quot;jet_parallax_layout_image&quot;:{&quot;url&quot;:&quot;&quot;,&quot;id&quot;:&quot;&quot;,&quot;size&quot;:&quot;&quot;},&quot;_id&quot;:&quot;c854ad7&quot;,&quot;jet_parallax_layout_image_tablet&quot;:{&quot;url&quot;:&quot;&quot;,&quot;id&quot;:&quot;&quot;,&quot;size&quot;:&quot;&quot;},&quot;jet_parallax_layout_image_mobile&quot;:{&quot;url&quot;:&quot;&quot;,&quot;id&quot;:&quot;&quot;,&quot;size&quot;:&quot;&quot;},&quot;jet_parallax_layout_speed&quot;:{&quot;unit&quot;:&quot;%&quot;,&quot;size&quot;:50,&quot;sizes&quot;:[]},&quot;jet_parallax_layout_type&quot;:&quot;scroll&quot;,&quot;jet_parallax_layout_direction&quot;:null,&quot;jet_parallax_layout_fx_direction&quot;:null,&quot;jet_parallax_layout_z_index&quot;:&quot;&quot;,&quot;jet_parallax_layout_bg_x&quot;:50,&quot;jet_parallax_layout_bg_y&quot;:50,&quot;jet_parallax_layout_bg_size&quot;:&quot;auto&quot;,&quot;jet_parallax_layout_animation_prop&quot;:&quot;transform&quot;,&quot;jet_parallax_layout_on&quot;:[&quot;desktop&quot;,&quot;tablet&quot;],&quot;jet_parallax_layout_bg_x_tablet&quot;:&quot;&quot;,&quot;jet_parallax_layout_bg_x_mobile&quot;:&quot;&quot;,&quot;jet_parallax_layout_bg_y_tablet&quot;:&quot;&quot;,&quot;jet_parallax_layout_bg_y_mobile&quot;:&quot;&quot;,&quot;jet_parallax_layout_bg_size_tablet&quot;:&quot;&quot;,&quot;jet_parallax_layout_bg_size_mobile&quot;:&quot;&quot;}]}\">\n\t\t\t\t\t\t<div class=\"elementor-container elementor-column-gap-default\">\n\t\t\t\t\t<div class=\"elementor-column elementor-col-100 elementor-top-column elementor-element elementor-element-e2d54dd\" data-id=\"e2d54dd\" data-element_type=\"column\" data-e-type=\"column\">\n\t\t\t<div class=\"elementor-widget-wrap elementor-element-populated\">\n\t\t\t\t\t\t<div class=\"elementor-element elementor-element-353aff1 elementor-widget elementor-widget-heading\" data-id=\"353aff1\" data-element_type=\"widget\" data-e-type=\"widget\" data-widget_type=\"heading.default\">\n\t\t\t\t<div class=\"elementor-widget-container\">\n\t\t\t\t\t<h2 class=\"elementor-heading-title elementor-size-default\">Be aware of the latest developments in Aysan..<\/h2>\t\t\t\t<\/div>\n\t\t\t\t<\/div>\n\t\t\t\t<div class=\"elementor-element elementor-element-645b8d1 elementor-widget elementor-widget-spacer\" data-id=\"645b8d1\" data-element_type=\"widget\" data-e-type=\"widget\" data-widget_type=\"spacer.default\">\n\t\t\t\t<div class=\"elementor-widget-container\">\n\t\t\t\t\t\t\t<div class=\"elementor-spacer\">\n\t\t\t<div class=\"elementor-spacer-inner\"><\/div>\n\t\t<\/div>\n\t\t\t\t\t\t<\/div>\n\t\t\t\t<\/div>\n\t\t\t\t<div class=\"elementor-element elementor-element-98ae520 aysan-haberler elementor-grid-3 elementor-grid-tablet-2 elementor-grid-mobile-1 elementor-posts--thumbnail-top elementor-card-shadow-yes elementor-posts__hover-gradient elementor-widget elementor-widget-posts\" data-id=\"98ae520\" data-element_type=\"widget\" data-e-type=\"widget\" data-settings=\"{&quot;pagination_type&quot;:&quot;numbers_and_prev_next&quot;,&quot;cards_columns&quot;:&quot;3&quot;,&quot;cards_columns_tablet&quot;:&quot;2&quot;,&quot;cards_columns_mobile&quot;:&quot;1&quot;,&quot;cards_row_gap&quot;:{&quot;unit&quot;:&quot;px&quot;,&quot;size&quot;:35,&quot;sizes&quot;:[]},&quot;cards_row_gap_tablet&quot;:{&quot;unit&quot;:&quot;px&quot;,&quot;size&quot;:&quot;&quot;,&quot;sizes&quot;:[]},&quot;cards_row_gap_mobile&quot;:{&quot;unit&quot;:&quot;px&quot;,&quot;size&quot;:&quot;&quot;,&quot;sizes&quot;:[]}}\" data-widget_type=\"posts.cards\">\n\t\t\t\t<div class=\"elementor-widget-container\">\n\t\t\t\t\t\t\t<div class=\"elementor-posts-container elementor-posts elementor-posts--skin-cards elementor-grid\">\n\t\t\t\t<article class=\"elementor-post elementor-grid-item post-1107 post type-post status-publish format-standard has-post-thumbnail hentry category-haberler tag-aysan-elektrik tag-lokal-pano tag-partner tag-schneider\">\n\t\t\t<div class=\"elementor-post__card\">\n\t\t\t\t<a class=\"elementor-post__thumbnail__link\" href=\"https:\/\/www.aysanelektrik.com.tr\/en\/schneider-yetkili-ileri-seviye-og-lokal-pano-partneri\/\" tabindex=\"-1\" ><div class=\"elementor-post__thumbnail\"><img fetchpriority=\"high\" decoding=\"async\" width=\"225\" height=\"225\" src=\"https:\/\/www.aysanelektrik.com.tr\/wp-content\/uploads\/2020\/07\/schneider.png\" class=\"attachment-full size-full wp-image-1109\" alt=\"\" srcset=\"https:\/\/www.aysanelektrik.com.tr\/wp-content\/uploads\/2020\/07\/schneider.png 225w, https:\/\/www.aysanelektrik.com.tr\/wp-content\/uploads\/2020\/07\/schneider-150x150.png 150w\" sizes=\"(max-width: 225px) 100vw, 225px\" \/><\/div><\/a>\n\t\t\t\t<div class=\"elementor-post__badge\">News<\/div>\n\t\t\t\t<div class=\"elementor-post__text\">\n\t\t\t\t<h3 class=\"elementor-post__title\">\n\t\t\t<a href=\"https:\/\/www.aysanelektrik.com.tr\/en\/schneider-yetkili-ileri-seviye-og-lokal-pano-partneri\/\" >\n\t\t\t\tSCHNEIDER AUTHORIZED ADVANCED LEVEL OG LOCAL PANEL PARTNER\t\t\t<\/a>\n\t\t<\/h3>\n\t\t\t\t<div class=\"elementor-post__excerpt\">\n\t\t\t<p>Aysan Elektrik is Schneider authorized advanced level MV LOCAL PANO Partner.<\/p>\n\t\t<\/div>\n\t\t\n\t\t<a class=\"elementor-post__read-more\" href=\"https:\/\/www.aysanelektrik.com.tr\/en\/schneider-yetkili-ileri-seviye-og-lokal-pano-partneri\/\" aria-label=\"Read more about SCHNEIDER YETK\u0130L\u0130 \u0130LER\u0130 SEV\u0130YE OG LOKAL PANO PARTNER\u0130\" tabindex=\"-1\" >\n\t\t\tRead More\t\t<\/a>\n\n\t\t\t\t<\/div>\n\t\t\t\t\t<\/div>\n\t\t<\/article>\n\t\t\t\t<article class=\"elementor-post elementor-grid-item post-1 post type-post status-publish format-standard has-post-thumbnail hentry category-haberler tag-aysan-elektrik tag-lvt-test tag-lvt-test-labaratuari tag-test\">\n\t\t\t<div class=\"elementor-post__card\">\n\t\t\t\t<a class=\"elementor-post__thumbnail__link\" href=\"https:\/\/www.aysanelektrik.com.tr\/en\/ilk-haber-yazisi\/\" tabindex=\"-1\" ><div class=\"elementor-post__thumbnail\"><img decoding=\"async\" width=\"1599\" height=\"899\" src=\"https:\/\/www.aysanelektrik.com.tr\/wp-content\/uploads\/2020\/03\/lvt.jpeg\" class=\"attachment-full size-full wp-image-929\" alt=\"\" srcset=\"https:\/\/www.aysanelektrik.com.tr\/wp-content\/uploads\/2020\/03\/lvt.jpeg 1599w, https:\/\/www.aysanelektrik.com.tr\/wp-content\/uploads\/2020\/03\/lvt-300x169.jpeg 300w, https:\/\/www.aysanelektrik.com.tr\/wp-content\/uploads\/2020\/03\/lvt-1024x576.jpeg 1024w, https:\/\/www.aysanelektrik.com.tr\/wp-content\/uploads\/2020\/03\/lvt-768x432.jpeg 768w, https:\/\/www.aysanelektrik.com.tr\/wp-content\/uploads\/2020\/03\/lvt-1536x864.jpeg 1536w\" sizes=\"(max-width: 1599px) 100vw, 1599px\" \/><\/div><\/a>\n\t\t\t\t<div class=\"elementor-post__badge\">News<\/div>\n\t\t\t\t<div class=\"elementor-post__text\">\n\t\t\t\t<h3 class=\"elementor-post__title\">\n\t\t\t<a href=\"https:\/\/www.aysanelektrik.com.tr\/en\/ilk-haber-yazisi\/\" >\n\t\t\t\tProduct certification has been made with LVT TEST LAB\t\t\t<\/a>\n\t\t<\/h3>\n\t\t\t\t<div class=\"elementor-post__excerpt\">\n\t\t\t<p>Product certification has been made with LVT TEST LAB. To reach the document<\/p>\n\t\t<\/div>\n\t\t\n\t\t<a class=\"elementor-post__read-more\" href=\"https:\/\/www.aysanelektrik.com.tr\/en\/ilk-haber-yazisi\/\" aria-label=\"Read more about LVT TEST LABARATUARI ile \u00fcr\u00fcn belgelendirme yap\u0131lm\u0131\u015ft\u0131r\" tabindex=\"-1\" >\n\t\t\tRead More\t\t<\/a>\n\n\t\t\t\t<\/div>\n\t\t\t\t\t<\/div>\n\t\t<\/article>\n\t\t\t\t<\/div>\n\t\t\n\t\t\t\t\t\t<\/div>\n\t\t\t\t<\/div>\n\t\t\t\t\t<\/div>\n\t\t<\/div>\n\t\t\t\t\t<\/div>\n\t\t<\/section>\n\t\t\t\t<\/div>","protected":false},"excerpt":{"rendered":"<p>Aysan&#8217;daki son geli\u015fmelerden haberiniz olsun..<\/p>","protected":false},"author":1,"featured_media":79,"parent":0,"menu_order":0,"comment_status":"closed","ping_status":"closed","template":"","meta":{"footnotes":""},"class_list":["post-41","page","type-page","status-publish","has-post-thumbnail","hentry"],"yoast_head":"<!-- This site is optimized with the Yoast SEO plugin v27.4 - https:\/\/yoast.com\/product\/yoast-seo-wordpress\/ -->\n<title>Haberler - Aysan Elektrik<\/title>\n<meta name=\"robots\" content=\"index, follow, max-snippet:-1, max-image-preview:large, max-video-preview:-1\" \/>\n<link rel=\"canonical\" href=\"https:\/\/www.aysanelektrik.com.tr\/en\/habeler\/\" \/>\n<meta property=\"og:locale\" content=\"en_US\" \/>\n<meta property=\"og:type\" content=\"article\" \/>\n<meta property=\"og:title\" content=\"Haberler - Aysan Elektrik\" \/>\n<meta property=\"og:description\" content=\"Aysan&#8217;daki son geli\u015fmelerden haberiniz olsun..\" \/>\n<meta property=\"og:url\" content=\"https:\/\/www.aysanelektrik.com.tr\/en\/habeler\/\" \/>\n<meta property=\"og:site_name\" content=\"Aysan Elektrik\" \/>\n<meta property=\"article:modified_time\" content=\"2020-04-08T06:31:19+00:00\" \/>\n<meta property=\"og:image\" content=\"https:\/\/www.aysanelektrik.com.tr\/wp-content\/uploads\/2020\/03\/aysan-2.jpg\" \/>\n\t<meta property=\"og:image:width\" content=\"2133\" \/>\n\t<meta property=\"og:image:height\" content=\"1320\" \/>\n\t<meta property=\"og:image:type\" content=\"image\/jpeg\" \/>\n<meta name=\"twitter:card\" content=\"summary_large_image\" \/>\n<script type=\"application\/ld+json\" class=\"yoast-schema-graph\">{\"@context\":\"https:\\\/\\\/schema.org\",\"@graph\":[{\"@type\":\"WebPage\",\"@id\":\"https:\\\/\\\/www.aysanelektrik.com.tr\\\/habeler\\\/\",\"url\":\"https:\\\/\\\/www.aysanelektrik.com.tr\\\/habeler\\\/\",\"name\":\"Haberler - Aysan Elektrik\",\"isPartOf\":{\"@id\":\"https:\\\/\\\/www.aysanelektrik.com.tr\\\/#website\"},\"primaryImageOfPage\":{\"@id\":\"https:\\\/\\\/www.aysanelektrik.com.tr\\\/habeler\\\/#primaryimage\"},\"image\":{\"@id\":\"https:\\\/\\\/www.aysanelektrik.com.tr\\\/habeler\\\/#primaryimage\"},\"thumbnailUrl\":\"https:\\\/\\\/www.aysanelektrik.com.tr\\\/wp-content\\\/uploads\\\/2020\\\/03\\\/aysan-2.jpg\",\"datePublished\":\"2020-03-09T14:34:21+00:00\",\"dateModified\":\"2020-04-08T06:31:19+00:00\",\"breadcrumb\":{\"@id\":\"https:\\\/\\\/www.aysanelektrik.com.tr\\\/habeler\\\/#breadcrumb\"},\"inLanguage\":\"en-US\",\"potentialAction\":[{\"@type\":\"ReadAction\",\"target\":[\"https:\\\/\\\/www.aysanelektrik.com.tr\\\/habeler\\\/\"]}]},{\"@type\":\"ImageObject\",\"inLanguage\":\"en-US\",\"@id\":\"https:\\\/\\\/www.aysanelektrik.com.tr\\\/habeler\\\/#primaryimage\",\"url\":\"https:\\\/\\\/www.aysanelektrik.com.tr\\\/wp-content\\\/uploads\\\/2020\\\/03\\\/aysan-2.jpg\",\"contentUrl\":\"https:\\\/\\\/www.aysanelektrik.com.tr\\\/wp-content\\\/uploads\\\/2020\\\/03\\\/aysan-2.jpg\",\"width\":2133,\"height\":1320},{\"@type\":\"BreadcrumbList\",\"@id\":\"https:\\\/\\\/www.aysanelektrik.com.tr\\\/habeler\\\/#breadcrumb\",\"itemListElement\":[{\"@type\":\"ListItem\",\"position\":1,\"name\":\"Ana sayfa\",\"item\":\"https:\\\/\\\/www.aysanelektrik.com.tr\\\/en\\\/\"},{\"@type\":\"ListItem\",\"position\":2,\"name\":\"Haberler\"}]},{\"@type\":\"WebSite\",\"@id\":\"https:\\\/\\\/www.aysanelektrik.com.tr\\\/#website\",\"url\":\"https:\\\/\\\/www.aysanelektrik.com.tr\\\/\",\"name\":\"Aysan Elektrik\",\"description\":\"Beton K\u00f6\u015fk, Orta Gerilim\",\"publisher\":{\"@id\":\"https:\\\/\\\/www.aysanelektrik.com.tr\\\/#organization\"},\"potentialAction\":[{\"@type\":\"SearchAction\",\"target\":{\"@type\":\"EntryPoint\",\"urlTemplate\":\"https:\\\/\\\/www.aysanelektrik.com.tr\\\/?s={search_term_string}\"},\"query-input\":{\"@type\":\"PropertyValueSpecification\",\"valueRequired\":true,\"valueName\":\"search_term_string\"}}],\"inLanguage\":\"en-US\"},{\"@type\":\"Organization\",\"@id\":\"https:\\\/\\\/www.aysanelektrik.com.tr\\\/#organization\",\"name\":\"Aysan Elektrik\",\"url\":\"https:\\\/\\\/www.aysanelektrik.com.tr\\\/\",\"logo\":{\"@type\":\"ImageObject\",\"inLanguage\":\"en-US\",\"@id\":\"https:\\\/\\\/www.aysanelektrik.com.tr\\\/#\\\/schema\\\/logo\\\/image\\\/\",\"url\":\"https:\\\/\\\/www.aysanelektrik.com.tr\\\/wp-content\\\/uploads\\\/2020\\\/03\\\/logo-aysan.png\",\"contentUrl\":\"https:\\\/\\\/www.aysanelektrik.com.tr\\\/wp-content\\\/uploads\\\/2020\\\/03\\\/logo-aysan.png\",\"width\":500,\"height\":169,\"caption\":\"Aysan Elektrik\"},\"image\":{\"@id\":\"https:\\\/\\\/www.aysanelektrik.com.tr\\\/#\\\/schema\\\/logo\\\/image\\\/\"}}]}<\/script>\n<!-- \/ Yoast SEO plugin. -->","yoast_head_json":{"title":"Haberler - Aysan Elektrik","robots":{"index":"index","follow":"follow","max-snippet":"max-snippet:-1","max-image-preview":"max-image-preview:large","max-video-preview":"max-video-preview:-1"},"canonical":"https:\/\/www.aysanelektrik.com.tr\/en\/habeler\/","og_locale":"en_US","og_type":"article","og_title":"Haberler - Aysan Elektrik","og_description":"Aysan&#8217;daki son geli\u015fmelerden haberiniz olsun..","og_url":"https:\/\/www.aysanelektrik.com.tr\/en\/habeler\/","og_site_name":"Aysan Elektrik","article_modified_time":"2020-04-08T06:31:19+00:00","og_image":[{"width":2133,"height":1320,"url":"https:\/\/www.aysanelektrik.com.tr\/wp-content\/uploads\/2020\/03\/aysan-2.jpg","type":"image\/jpeg"}],"twitter_card":"summary_large_image","schema":{"@context":"https:\/\/schema.org","@graph":[{"@type":"WebPage","@id":"https:\/\/www.aysanelektrik.com.tr\/habeler\/","url":"https:\/\/www.aysanelektrik.com.tr\/habeler\/","name":"Haberler - Aysan Elektrik","isPartOf":{"@id":"https:\/\/www.aysanelektrik.com.tr\/#website"},"primaryImageOfPage":{"@id":"https:\/\/www.aysanelektrik.com.tr\/habeler\/#primaryimage"},"image":{"@id":"https:\/\/www.aysanelektrik.com.tr\/habeler\/#primaryimage"},"thumbnailUrl":"https:\/\/www.aysanelektrik.com.tr\/wp-content\/uploads\/2020\/03\/aysan-2.jpg","datePublished":"2020-03-09T14:34:21+00:00","dateModified":"2020-04-08T06:31:19+00:00","breadcrumb":{"@id":"https:\/\/www.aysanelektrik.com.tr\/habeler\/#breadcrumb"},"inLanguage":"en-US","potentialAction":[{"@type":"ReadAction","target":["https:\/\/www.aysanelektrik.com.tr\/habeler\/"]}]},{"@type":"ImageObject","inLanguage":"en-US","@id":"https:\/\/www.aysanelektrik.com.tr\/habeler\/#primaryimage","url":"https:\/\/www.aysanelektrik.com.tr\/wp-content\/uploads\/2020\/03\/aysan-2.jpg","contentUrl":"https:\/\/www.aysanelektrik.com.tr\/wp-content\/uploads\/2020\/03\/aysan-2.jpg","width":2133,"height":1320},{"@type":"BreadcrumbList","@id":"https:\/\/www.aysanelektrik.com.tr\/habeler\/#breadcrumb","itemListElement":[{"@type":"ListItem","position":1,"name":"Ana sayfa","item":"https:\/\/www.aysanelektrik.com.tr\/en\/"},{"@type":"ListItem","position":2,"name":"Haberler"}]},{"@type":"WebSite","@id":"https:\/\/www.aysanelektrik.com.tr\/#website","url":"https:\/\/www.aysanelektrik.com.tr\/","name":"Aysan Elektrik","description":"Beton K\u00f6\u015fk, Orta Gerilim","publisher":{"@id":"https:\/\/www.aysanelektrik.com.tr\/#organization"},"potentialAction":[{"@type":"SearchAction","target":{"@type":"EntryPoint","urlTemplate":"https:\/\/www.aysanelektrik.com.tr\/?s={search_term_string}"},"query-input":{"@type":"PropertyValueSpecification","valueRequired":true,"valueName":"search_term_string"}}],"inLanguage":"en-US"},{"@type":"Organization","@id":"https:\/\/www.aysanelektrik.com.tr\/#organization","name":"Aysan Elektrik","url":"https:\/\/www.aysanelektrik.com.tr\/","logo":{"@type":"ImageObject","inLanguage":"en-US","@id":"https:\/\/www.aysanelektrik.com.tr\/#\/schema\/logo\/image\/","url":"https:\/\/www.aysanelektrik.com.tr\/wp-content\/uploads\/2020\/03\/logo-aysan.png","contentUrl":"https:\/\/www.aysanelektrik.com.tr\/wp-content\/uploads\/2020\/03\/logo-aysan.png","width":500,"height":169,"caption":"Aysan Elektrik"},"image":{"@id":"https:\/\/www.aysanelektrik.com.tr\/#\/schema\/logo\/image\/"}}]}},"_links":{"self":[{"href":"https:\/\/www.aysanelektrik.com.tr\/en\/wp-json\/wp\/v2\/pages\/41","targetHints":{"allow":["GET"]}}],"collection":[{"href":"https:\/\/www.aysanelektrik.com.tr\/en\/wp-json\/wp\/v2\/pages"}],"about":[{"href":"https:\/\/www.aysanelektrik.com.tr\/en\/wp-json\/wp\/v2\/types\/page"}],"author":[{"embeddable":true,"href":"https:\/\/www.aysanelektrik.com.tr\/en\/wp-json\/wp\/v2\/users\/1"}],"replies":[{"embeddable":true,"href":"https:\/\/www.aysanelektrik.com.tr\/en\/wp-json\/wp\/v2\/comments?post=41"}],"version-history":[{"count":14,"href":"https:\/\/www.aysanelektrik.com.tr\/en\/wp-json\/wp\/v2\/pages\/41\/revisions"}],"predecessor-version":[{"id":600,"href":"https:\/\/www.aysanelektrik.com.tr\/en\/wp-json\/wp\/v2\/pages\/41\/revisions\/600"}],"wp:featuredmedia":[{"embeddable":true,"href":"https:\/\/www.aysanelektrik.com.tr\/en\/wp-json\/wp\/v2\/media\/79"}],"wp:attachment":[{"href":"https:\/\/www.aysanelektrik.com.tr\/en\/wp-json\/wp\/v2\/media?parent=41"}],"curies":[{"name":"wp","href":"https:\/\/api.w.org\/{rel}","templated":true}]}}