{"id":6,"date":"2020-03-08T04:58:36","date_gmt":"2020-03-08T04:58:36","guid":{"rendered":"http:\/\/www.aysanelektrik.com.tr\/?page_id=6"},"modified":"2020-03-08T05:19:00","modified_gmt":"2020-03-08T05:19:00","slug":"yapim-asamasi","status":"publish","type":"page","link":"https:\/\/www.aysanelektrik.com.tr\/en\/yapim-asamasi\/","title":{"rendered":"Yap\u0131m A\u015famas\u0131"},"content":{"rendered":"<div data-elementor-type=\"wp-page\" data-elementor-id=\"6\" class=\"elementor elementor-6\" data-elementor-post-type=\"page\">\n\t\t\t\t\t\t<section class=\"elementor-section elementor-top-section elementor-element elementor-element-7efab8d6 elementor-section-height-min-height elementor-section-content-middle elementor-section-boxed elementor-section-height-default elementor-section-items-middle\" data-id=\"7efab8d6\" data-element_type=\"section\" data-settings=\"{&quot;background_background&quot;:&quot;classic&quot;,&quot;jet_parallax_layout_list&quot;:[]}\">\n\t\t\t\t\t\t\t<div class=\"elementor-background-overlay\"><\/div>\n\t\t\t\t\t\t\t<div class=\"elementor-container elementor-column-gap-no\">\n\t\t\t\t\t<div class=\"elementor-column elementor-col-100 elementor-top-column elementor-element elementor-element-7a85d338\" data-id=\"7a85d338\" data-element_type=\"column\">\n\t\t\t<div class=\"elementor-widget-wrap elementor-element-populated\">\n\t\t\t\t\t\t<div class=\"elementor-element elementor-element-e6b132d elementor-widget elementor-widget-image\" data-id=\"e6b132d\" data-element_type=\"widget\" data-widget_type=\"image.default\">\n\t\t\t\t<div class=\"elementor-widget-container\">\n\t\t\t\t\t\t\t\t\t\t\t\t\t\t\t<img fetchpriority=\"high\" decoding=\"async\" width=\"500\" height=\"169\" src=\"https:\/\/www.aysanelektrik.com.tr\/wp-content\/uploads\/2020\/03\/aysan-beyaz.png\" class=\"attachment-full size-full wp-image-13\" alt=\"\" srcset=\"https:\/\/www.aysanelektrik.com.tr\/wp-content\/uploads\/2020\/03\/aysan-beyaz.png 500w, https:\/\/www.aysanelektrik.com.tr\/wp-content\/uploads\/2020\/03\/aysan-beyaz-300x101.png 300w\" sizes=\"(max-width: 500px) 100vw, 500px\" \/>\t\t\t\t\t\t\t\t\t\t\t\t\t\t\t<\/div>\n\t\t\t\t<\/div>\n\t\t\t\t<div class=\"elementor-element elementor-element-44be0cf7 elementor-widget elementor-widget-heading\" data-id=\"44be0cf7\" data-element_type=\"widget\" data-widget_type=\"heading.default\">\n\t\t\t\t<div class=\"elementor-widget-container\">\n\t\t\t\t\t<h2 class=\"elementor-heading-title elementor-size-default\">Yap\u0131m A\u015famas\u0131 \/ Under Construction<\/h2>\t\t\t\t<\/div>\n\t\t\t\t<\/div>\n\t\t\t\t<div class=\"elementor-element elementor-element-6e3436e1 elementor-widget elementor-widget-text-editor\" data-id=\"6e3436e1\" data-element_type=\"widget\" data-widget_type=\"text-editor.default\">\n\t\t\t\t<div class=\"elementor-widget-container\">\n\t\t\t\t\t\t\t\t\t<hr \/><div id=\"Content\"><div class=\"boxed\"><div id=\"lipsum\"><p>Aysan Elektrik A.\u015e yenileniyor \/ Aysan Elektrik A.\u015e is being renewed<\/p><\/div><\/div><\/div>\t\t\t\t\t\t\t\t<\/div>\n\t\t\t\t<\/div>\n\t\t\t\t<section class=\"elementor-section elementor-inner-section elementor-element elementor-element-bf9e310 elementor-section-boxed elementor-section-height-default elementor-section-height-default\" data-id=\"bf9e310\" data-element_type=\"section\" data-settings=\"{&quot;jet_parallax_layout_list&quot;:[]}\">\n\t\t\t\t\t\t<div class=\"elementor-container elementor-column-gap-default\">\n\t\t\t\t\t<div class=\"elementor-column elementor-col-50 elementor-inner-column elementor-element elementor-element-719b6ce\" data-id=\"719b6ce\" data-element_type=\"column\">\n\t\t\t<div class=\"elementor-widget-wrap elementor-element-populated\">\n\t\t\t\t\t\t<div class=\"elementor-element elementor-element-26f68a7 elementor-align-center elementor-icon-list--layout-inline elementor-list-item-link-full_width elementor-widget elementor-widget-icon-list\" data-id=\"26f68a7\" data-element_type=\"widget\" data-widget_type=\"icon-list.default\">\n\t\t\t\t<div class=\"elementor-widget-container\">\n\t\t\t\t\t\t\t<ul class=\"elementor-icon-list-items elementor-inline-items\">\n\t\t\t\t\t\t\t<li class=\"elementor-icon-list-item elementor-inline-item\">\n\t\t\t\t\t\t\t\t\t\t\t<span class=\"elementor-icon-list-icon\">\n\t\t\t\t\t\t\t<i aria-hidden=\"true\" class=\"fas fa-business-time\"><\/i>\t\t\t\t\t\t<\/span>\n\t\t\t\t\t\t\t\t\t\t<span class=\"elementor-icon-list-text\">24\/7 TECHNICAL SUPPORT <\/span>\n\t\t\t\t\t\t\t\t\t<\/li>\n\t\t\t\t\t\t<\/ul>\n\t\t\t\t\t\t<\/div>\n\t\t\t\t<\/div>\n\t\t\t\t<div class=\"elementor-element elementor-element-c999a0d elementor-align-center elementor-icon-list--layout-inline elementor-list-item-link-full_width elementor-widget elementor-widget-icon-list\" data-id=\"c999a0d\" data-element_type=\"widget\" data-widget_type=\"icon-list.default\">\n\t\t\t\t<div class=\"elementor-widget-container\">\n\t\t\t\t\t\t\t<ul class=\"elementor-icon-list-items elementor-inline-items\">\n\t\t\t\t\t\t\t<li class=\"elementor-icon-list-item elementor-inline-item\">\n\t\t\t\t\t\t\t\t\t\t<span class=\"elementor-icon-list-text\">+90 530 657 65 65<\/span>\n\t\t\t\t\t\t\t\t\t<\/li>\n\t\t\t\t\t\t<\/ul>\n\t\t\t\t\t\t<\/div>\n\t\t\t\t<\/div>\n\t\t\t\t\t<\/div>\n\t\t<\/div>\n\t\t\t\t<div class=\"elementor-column elementor-col-50 elementor-inner-column elementor-element elementor-element-a3b280d\" data-id=\"a3b280d\" data-element_type=\"column\">\n\t\t\t<div class=\"elementor-widget-wrap elementor-element-populated\">\n\t\t\t\t\t\t<div class=\"elementor-element elementor-element-d6af059 elementor-align-center elementor-icon-list--layout-inline elementor-list-item-link-full_width elementor-widget elementor-widget-icon-list\" data-id=\"d6af059\" data-element_type=\"widget\" data-widget_type=\"icon-list.default\">\n\t\t\t\t<div class=\"elementor-widget-container\">\n\t\t\t\t\t\t\t<ul class=\"elementor-icon-list-items elementor-inline-items\">\n\t\t\t\t\t\t\t<li class=\"elementor-icon-list-item elementor-inline-item\">\n\t\t\t\t\t\t\t\t\t\t\t<span class=\"elementor-icon-list-icon\">\n\t\t\t\t\t\t\t<i aria-hidden=\"true\" class=\"fas fa-phone-square-alt\"><\/i>\t\t\t\t\t\t<\/span>\n\t\t\t\t\t\t\t\t\t\t<span class=\"elementor-icon-list-text\">\u0130LET\u0130\u015e\u0130M<\/span>\n\t\t\t\t\t\t\t\t\t<\/li>\n\t\t\t\t\t\t<\/ul>\n\t\t\t\t\t\t<\/div>\n\t\t\t\t<\/div>\n\t\t\t\t<div class=\"elementor-element elementor-element-1dd27a2 elementor-align-center elementor-icon-list--layout-inline elementor-list-item-link-full_width elementor-widget elementor-widget-icon-list\" data-id=\"1dd27a2\" data-element_type=\"widget\" data-widget_type=\"icon-list.default\">\n\t\t\t\t<div class=\"elementor-widget-container\">\n\t\t\t\t\t\t\t<ul class=\"elementor-icon-list-items elementor-inline-items\">\n\t\t\t\t\t\t\t<li class=\"elementor-icon-list-item elementor-inline-item\">\n\t\t\t\t\t\t\t\t\t\t<span class=\"elementor-icon-list-text\">+90 312 437 03 40<\/span>\n\t\t\t\t\t\t\t\t\t<\/li>\n\t\t\t\t\t\t<\/ul>\n\t\t\t\t\t\t<\/div>\n\t\t\t\t<\/div>\n\t\t\t\t\t<\/div>\n\t\t<\/div>\n\t\t\t\t\t<\/div>\n\t\t<\/section>\n\t\t\t\t\t<\/div>\n\t\t<\/div>\n\t\t\t\t\t<\/div>\n\t\t<\/section>\n\t\t\t\t<\/div>","protected":false},"excerpt":{"rendered":"<p>Yap\u0131m A\u015famas\u0131 \/ Under Construction Aysan Elektrik A.\u015e yenileniyor \/ Aysan Elektrik A.\u015e is being renewed 7\/24 TEKN\u0130K DESTEK +90 530 657 65 65 \u0130LET\u0130\u015e\u0130M +90 312 437 03 40<\/p>","protected":false},"author":1,"featured_media":0,"parent":0,"menu_order":0,"comment_status":"closed","ping_status":"closed","template":"elementor_canvas","meta":{"footnotes":""},"class_list":["post-6","page","type-page","status-publish","hentry"],"yoast_head":"<!-- This site is optimized with the Yoast SEO plugin v25.3 - https:\/\/yoast.com\/wordpress\/plugins\/seo\/ -->\n<title>Yap\u0131m A\u015famas\u0131 - Aysan Elektrik<\/title>\n<meta name=\"robots\" content=\"index, follow, max-snippet:-1, max-image-preview:large, max-video-preview:-1\" \/>\n<link rel=\"canonical\" href=\"https:\/\/www.aysanelektrik.com.tr\/en\/yapim-asamasi\/\" \/>\n<meta property=\"og:locale\" content=\"en_US\" \/>\n<meta property=\"og:type\" content=\"article\" \/>\n<meta property=\"og:title\" content=\"Yap\u0131m A\u015famas\u0131 - Aysan Elektrik\" \/>\n<meta property=\"og:description\" content=\"Yap\u0131m A\u015famas\u0131 \/ Under Construction Aysan Elektrik A.\u015e yenileniyor \/ Aysan Elektrik A.\u015e is being renewed 7\/24 TEKN\u0130K DESTEK +90 530 657 65 65 \u0130LET\u0130\u015e\u0130M +90 312 437 03 40\" \/>\n<meta property=\"og:url\" content=\"https:\/\/www.aysanelektrik.com.tr\/en\/yapim-asamasi\/\" \/>\n<meta property=\"og:site_name\" content=\"Aysan Elektrik\" \/>\n<meta property=\"article:modified_time\" content=\"2020-03-08T05:19:00+00:00\" \/>\n<meta property=\"og:image\" content=\"http:\/\/www.aysanelektrik.com.tr\/wp-content\/uploads\/2020\/03\/aysan-beyaz.png\" \/>\n<meta name=\"twitter:card\" content=\"summary_large_image\" \/>\n<script type=\"application\/ld+json\" class=\"yoast-schema-graph\">{\"@context\":\"https:\/\/schema.org\",\"@graph\":[{\"@type\":\"WebPage\",\"@id\":\"https:\/\/www.aysanelektrik.com.tr\/yapim-asamasi\/\",\"url\":\"https:\/\/www.aysanelektrik.com.tr\/yapim-asamasi\/\",\"name\":\"Yap\u0131m A\u015famas\u0131 - Aysan Elektrik\",\"isPartOf\":{\"@id\":\"https:\/\/www.aysanelektrik.com.tr\/#website\"},\"primaryImageOfPage\":{\"@id\":\"https:\/\/www.aysanelektrik.com.tr\/yapim-asamasi\/#primaryimage\"},\"image\":{\"@id\":\"https:\/\/www.aysanelektrik.com.tr\/yapim-asamasi\/#primaryimage\"},\"thumbnailUrl\":\"http:\/\/www.aysanelektrik.com.tr\/wp-content\/uploads\/2020\/03\/aysan-beyaz.png\",\"datePublished\":\"2020-03-08T04:58:36+00:00\",\"dateModified\":\"2020-03-08T05:19:00+00:00\",\"breadcrumb\":{\"@id\":\"https:\/\/www.aysanelektrik.com.tr\/yapim-asamasi\/#breadcrumb\"},\"inLanguage\":\"en-US\",\"potentialAction\":[{\"@type\":\"ReadAction\",\"target\":[\"https:\/\/www.aysanelektrik.com.tr\/yapim-asamasi\/\"]}]},{\"@type\":\"ImageObject\",\"inLanguage\":\"en-US\",\"@id\":\"https:\/\/www.aysanelektrik.com.tr\/yapim-asamasi\/#primaryimage\",\"url\":\"http:\/\/www.aysanelektrik.com.tr\/wp-content\/uploads\/2020\/03\/aysan-beyaz.png\",\"contentUrl\":\"http:\/\/www.aysanelektrik.com.tr\/wp-content\/uploads\/2020\/03\/aysan-beyaz.png\"},{\"@type\":\"BreadcrumbList\",\"@id\":\"https:\/\/www.aysanelektrik.com.tr\/yapim-asamasi\/#breadcrumb\",\"itemListElement\":[{\"@type\":\"ListItem\",\"position\":1,\"name\":\"Ana sayfa\",\"item\":\"https:\/\/www.aysanelektrik.com.tr\/en\/\"},{\"@type\":\"ListItem\",\"position\":2,\"name\":\"Yap\u0131m A\u015famas\u0131\"}]},{\"@type\":\"WebSite\",\"@id\":\"https:\/\/www.aysanelektrik.com.tr\/#website\",\"url\":\"https:\/\/www.aysanelektrik.com.tr\/\",\"name\":\"Aysan Elektrik\",\"description\":\"Beton K\u00f6\u015fk, Orta Gerilim\",\"publisher\":{\"@id\":\"https:\/\/www.aysanelektrik.com.tr\/#organization\"},\"potentialAction\":[{\"@type\":\"SearchAction\",\"target\":{\"@type\":\"EntryPoint\",\"urlTemplate\":\"https:\/\/www.aysanelektrik.com.tr\/?s={search_term_string}\"},\"query-input\":{\"@type\":\"PropertyValueSpecification\",\"valueRequired\":true,\"valueName\":\"search_term_string\"}}],\"inLanguage\":\"en-US\"},{\"@type\":\"Organization\",\"@id\":\"https:\/\/www.aysanelektrik.com.tr\/#organization\",\"name\":\"Aysan Elektrik\",\"url\":\"https:\/\/www.aysanelektrik.com.tr\/\",\"logo\":{\"@type\":\"ImageObject\",\"inLanguage\":\"en-US\",\"@id\":\"https:\/\/www.aysanelektrik.com.tr\/#\/schema\/logo\/image\/\",\"url\":\"https:\/\/www.aysanelektrik.com.tr\/wp-content\/uploads\/2020\/03\/logo-aysan.png\",\"contentUrl\":\"https:\/\/www.aysanelektrik.com.tr\/wp-content\/uploads\/2020\/03\/logo-aysan.png\",\"width\":500,\"height\":169,\"caption\":\"Aysan Elektrik\"},\"image\":{\"@id\":\"https:\/\/www.aysanelektrik.com.tr\/#\/schema\/logo\/image\/\"}}]}<\/script>\n<!-- \/ Yoast SEO plugin. -->","yoast_head_json":{"title":"Yap\u0131m A\u015famas\u0131 - Aysan Elektrik","robots":{"index":"index","follow":"follow","max-snippet":"max-snippet:-1","max-image-preview":"max-image-preview:large","max-video-preview":"max-video-preview:-1"},"canonical":"https:\/\/www.aysanelektrik.com.tr\/en\/yapim-asamasi\/","og_locale":"en_US","og_type":"article","og_title":"Yap\u0131m A\u015famas\u0131 - Aysan Elektrik","og_description":"Yap\u0131m A\u015famas\u0131 \/ Under Construction Aysan Elektrik A.\u015e yenileniyor \/ Aysan Elektrik A.\u015e is being renewed 7\/24 TEKN\u0130K DESTEK +90 530 657 65 65 \u0130LET\u0130\u015e\u0130M +90 312 437 03 40","og_url":"https:\/\/www.aysanelektrik.com.tr\/en\/yapim-asamasi\/","og_site_name":"Aysan Elektrik","article_modified_time":"2020-03-08T05:19:00+00:00","og_image":[{"url":"http:\/\/www.aysanelektrik.com.tr\/wp-content\/uploads\/2020\/03\/aysan-beyaz.png","type":"","width":"","height":""}],"twitter_card":"summary_large_image","schema":{"@context":"https:\/\/schema.org","@graph":[{"@type":"WebPage","@id":"https:\/\/www.aysanelektrik.com.tr\/yapim-asamasi\/","url":"https:\/\/www.aysanelektrik.com.tr\/yapim-asamasi\/","name":"Yap\u0131m A\u015famas\u0131 - Aysan Elektrik","isPartOf":{"@id":"https:\/\/www.aysanelektrik.com.tr\/#website"},"primaryImageOfPage":{"@id":"https:\/\/www.aysanelektrik.com.tr\/yapim-asamasi\/#primaryimage"},"image":{"@id":"https:\/\/www.aysanelektrik.com.tr\/yapim-asamasi\/#primaryimage"},"thumbnailUrl":"http:\/\/www.aysanelektrik.com.tr\/wp-content\/uploads\/2020\/03\/aysan-beyaz.png","datePublished":"2020-03-08T04:58:36+00:00","dateModified":"2020-03-08T05:19:00+00:00","breadcrumb":{"@id":"https:\/\/www.aysanelektrik.com.tr\/yapim-asamasi\/#breadcrumb"},"inLanguage":"en-US","potentialAction":[{"@type":"ReadAction","target":["https:\/\/www.aysanelektrik.com.tr\/yapim-asamasi\/"]}]},{"@type":"ImageObject","inLanguage":"en-US","@id":"https:\/\/www.aysanelektrik.com.tr\/yapim-asamasi\/#primaryimage","url":"http:\/\/www.aysanelektrik.com.tr\/wp-content\/uploads\/2020\/03\/aysan-beyaz.png","contentUrl":"http:\/\/www.aysanelektrik.com.tr\/wp-content\/uploads\/2020\/03\/aysan-beyaz.png"},{"@type":"BreadcrumbList","@id":"https:\/\/www.aysanelektrik.com.tr\/yapim-asamasi\/#breadcrumb","itemListElement":[{"@type":"ListItem","position":1,"name":"Ana sayfa","item":"https:\/\/www.aysanelektrik.com.tr\/en\/"},{"@type":"ListItem","position":2,"name":"Yap\u0131m A\u015famas\u0131"}]},{"@type":"WebSite","@id":"https:\/\/www.aysanelektrik.com.tr\/#website","url":"https:\/\/www.aysanelektrik.com.tr\/","name":"Aysan Elektrik","description":"Beton K\u00f6\u015fk, Orta Gerilim","publisher":{"@id":"https:\/\/www.aysanelektrik.com.tr\/#organization"},"potentialAction":[{"@type":"SearchAction","target":{"@type":"EntryPoint","urlTemplate":"https:\/\/www.aysanelektrik.com.tr\/?s={search_term_string}"},"query-input":{"@type":"PropertyValueSpecification","valueRequired":true,"valueName":"search_term_string"}}],"inLanguage":"en-US"},{"@type":"Organization","@id":"https:\/\/www.aysanelektrik.com.tr\/#organization","name":"Aysan Elektrik","url":"https:\/\/www.aysanelektrik.com.tr\/","logo":{"@type":"ImageObject","inLanguage":"en-US","@id":"https:\/\/www.aysanelektrik.com.tr\/#\/schema\/logo\/image\/","url":"https:\/\/www.aysanelektrik.com.tr\/wp-content\/uploads\/2020\/03\/logo-aysan.png","contentUrl":"https:\/\/www.aysanelektrik.com.tr\/wp-content\/uploads\/2020\/03\/logo-aysan.png","width":500,"height":169,"caption":"Aysan Elektrik"},"image":{"@id":"https:\/\/www.aysanelektrik.com.tr\/#\/schema\/logo\/image\/"}}]}},"_links":{"self":[{"href":"https:\/\/www.aysanelektrik.com.tr\/en\/wp-json\/wp\/v2\/pages\/6","targetHints":{"allow":["GET"]}}],"collection":[{"href":"https:\/\/www.aysanelektrik.com.tr\/en\/wp-json\/wp\/v2\/pages"}],"about":[{"href":"https:\/\/www.aysanelektrik.com.tr\/en\/wp-json\/wp\/v2\/types\/page"}],"author":[{"embeddable":true,"href":"https:\/\/www.aysanelektrik.com.tr\/en\/wp-json\/wp\/v2\/users\/1"}],"replies":[{"embeddable":true,"href":"https:\/\/www.aysanelektrik.com.tr\/en\/wp-json\/wp\/v2\/comments?post=6"}],"version-history":[{"count":7,"href":"https:\/\/www.aysanelektrik.com.tr\/en\/wp-json\/wp\/v2\/pages\/6\/revisions"}],"predecessor-version":[{"id":18,"href":"https:\/\/www.aysanelektrik.com.tr\/en\/wp-json\/wp\/v2\/pages\/6\/revisions\/18"}],"wp:attachment":[{"href":"https:\/\/www.aysanelektrik.com.tr\/en\/wp-json\/wp\/v2\/media?parent=6"}],"curies":[{"name":"wp","href":"https:\/\/api.w.org\/{rel}","templated":true}]}}